{"id":3733,"date":"2022-06-27T15:29:56","date_gmt":"2022-06-27T14:29:56","guid":{"rendered":"https:\/\/www.eaurizon.eu\/canyoning-in-aude-herault-und-pyrenees-orientales\/canyoning-pyrenees-orientales-llech-canyon-ganztaegig\/"},"modified":"2022-12-29T16:15:18","modified_gmt":"2022-12-29T15:15:18","slug":"canyoning-pyrenees-orientales-llech-canyon-ganztaegig","status":"publish","type":"page","link":"https:\/\/www.eaurizon.eu\/de\/canyoning-in-aude-herault-und-pyrenees-orientales\/canyoning-pyrenees-orientales-llech-canyon-ganztaegig\/","title":{"rendered":"Canyoning Pyr\u00e9n\u00e9es Orientales \u2013 Llech Canyon \u2013 ganzt\u00e4gig"},"content":{"rendered":"<div class=\"wpb-content-wrapper\"><p>[vc_row full_width=&#8220;stretch_row_content_no_spaces&#8220; css=&#8220;.vc_custom_1572290661953{background-color: #1e73be !important;}&#8220;][vc_column][vc_column_text el_class=&#8220;textwhite&#8220; css=&#8220;.vc_custom_1572290671850{padding-top: 10px !important;padding-right: 10px !important;padding-bottom: 10px !important;padding-left: 10px !important;background-color: #1e73be !important;}&#8220;]<script type=\"text\/javascript\">jQuery(function() { _initLayerSlider( '#layerslider_13_9wn4kh5x8j6v', {sliderVersion: '6.11.1', responsiveUnder: 1200, layersContainer: 0, hideOnMobile: true, hideUnder: 0, hideOver: 100000, pauseOnHover: 'enabled', skin: 'v5', sliderFadeInDuration: 350, globalBGSize: 'cover', useSrcset: true, skinsPath: 'https:\/\/www.eaurizon.eu\/wp-content\/plugins\/LayerSlider\/assets\/static\/layerslider\/skins\/', performanceMode: true}); });<\/script><div id=\"layerslider_13_9wn4kh5x8j6v\"  class=\"ls-wp-container fitvidsignore ls-selectable\" style=\"width:1400px;height:600px;margin:0 auto;margin-bottom: 0px;\"><div class=\"ls-slide\" data-ls=\"bgsize:cover;bgposition:0% 0%;duration:4000;\"><img loading=\"lazy\" decoding=\"async\" width=\"1363\" height=\"676\" src=\"https:\/\/www.eaurizon.eu\/wp-content\/uploads\/2017\/06\/canyoning-gorges-du-llech-01.jpg\" class=\"ls-bg\" alt=\"Canyoning Gorges du llech - Eaurizon\" srcset=\"https:\/\/www.eaurizon.eu\/wp-content\/uploads\/2017\/06\/canyoning-gorges-du-llech-01.jpg 1363w, https:\/\/www.eaurizon.eu\/wp-content\/uploads\/2017\/06\/canyoning-gorges-du-llech-01-600x298.jpg 600w, https:\/\/www.eaurizon.eu\/wp-content\/uploads\/2017\/06\/canyoning-gorges-du-llech-01-730x362.jpg 730w, https:\/\/www.eaurizon.eu\/wp-content\/uploads\/2017\/06\/canyoning-gorges-du-llech-01-768x381.jpg 768w, https:\/\/www.eaurizon.eu\/wp-content\/uploads\/2017\/06\/canyoning-gorges-du-llech-01-1024x508.jpg 1024w\" sizes=\"auto, (max-width: 1363px) 100vw, 1363px\" \/><p style=\"font-size:60px;color:#000000;top:258px;left:14px;\" class=\"ls-l ls-hide-tablet ls-hide-phone ls-text-layer\" data-ls=\"offsetxin:80;offsetxout:-80;durationout:400;parallaxlevel:0;\"><b>CANYONING PYR\u00c9N\u00c9ES ORIENTALES<\/b><\/p><p style=\"font-size:60px;color:#ffffff;top:256px;left:12px;\" class=\"ls-l ls-hide-tablet ls-hide-phone ls-text-layer\" data-ls=\"offsetxin:80;offsetxout:-80;durationout:400;parallaxlevel:0;\"><b>CANYONING PYR\u00c9N\u00c9ES ORIENTALES<\/b><\/p><p style=\"font-size:40px;color:#000000;top:339px;left:14px;\" class=\"ls-l ls-hide-tablet ls-hide-phone ls-text-layer\" data-ls=\"offsetxin:80;offsetxout:-80;durationout:400;parallaxlevel:0;\"><b>GORGES DU LLECH A PRADES<\/b><\/p><p style=\"font-size:40px;color:#ffae00;top:337px;left:12px;\" class=\"ls-l ls-hide-tablet ls-hide-phone ls-text-layer\" data-ls=\"offsetxin:80;offsetxout:-80;durationout:400;parallaxlevel:0;\"><b>GORGES DU LLECH A PRADES<\/b><\/p><\/div><div class=\"ls-slide\" data-ls=\"bgsize:cover;bgposition:0% 0%;duration:4000;\"><img loading=\"lazy\" decoding=\"async\" width=\"1363\" height=\"676\" src=\"https:\/\/www.eaurizon.eu\/wp-content\/uploads\/2017\/06\/canyoning-gorges-du-llech-eaurizon-03.jpg\" class=\"ls-bg\" alt=\"Canyoning Llech - Pyr\u00e9n\u00e9es Orientales - Eaurizon\" srcset=\"https:\/\/www.eaurizon.eu\/wp-content\/uploads\/2017\/06\/canyoning-gorges-du-llech-eaurizon-03.jpg 1363w, https:\/\/www.eaurizon.eu\/wp-content\/uploads\/2017\/06\/canyoning-gorges-du-llech-eaurizon-03-600x298.jpg 600w, https:\/\/www.eaurizon.eu\/wp-content\/uploads\/2017\/06\/canyoning-gorges-du-llech-eaurizon-03-730x362.jpg 730w, https:\/\/www.eaurizon.eu\/wp-content\/uploads\/2017\/06\/canyoning-gorges-du-llech-eaurizon-03-768x381.jpg 768w, https:\/\/www.eaurizon.eu\/wp-content\/uploads\/2017\/06\/canyoning-gorges-du-llech-eaurizon-03-1024x508.jpg 1024w\" sizes=\"auto, (max-width: 1363px) 100vw, 1363px\" \/><p style=\"font-size:60px;color:#000000;top:258px;left:14px;\" class=\"ls-l ls-hide-tablet ls-hide-phone ls-text-layer\" data-ls=\"offsetxin:80;offsetxout:-80;durationout:400;parallaxlevel:0;\"><b>CANYONING PYR\u00c9N\u00c9ES ORIENTALES<\/b><\/p><p style=\"font-size:60px;color:#ffffff;top:256px;left:12px;\" class=\"ls-l ls-hide-tablet ls-hide-phone ls-text-layer\" data-ls=\"offsetxin:80;offsetxout:-80;durationout:400;parallaxlevel:0;\"><b>CANYONING PYR\u00c9N\u00c9ES ORIENTALES<\/b><\/p><p style=\"font-size:40px;color:#000000;top:339px;left:14px;\" class=\"ls-l ls-hide-tablet ls-hide-phone ls-text-layer\" data-ls=\"offsetxin:80;offsetxout:-80;durationout:400;parallaxlevel:0;\"><b>LE LLECH, 12 TOBOGGANS DE 3 A 8 M<\/b><\/p><p style=\"font-size:40px;color:#ffae00;top:337px;left:12px;\" class=\"ls-l ls-hide-tablet ls-hide-phone ls-text-layer\" data-ls=\"offsetxin:80;offsetxout:-80;durationout:400;parallaxlevel:0;\"><b>LE LLECH, 12 TOBOGGANS DE 3 A 8 M<\/b><\/p><\/div><div class=\"ls-slide\" data-ls=\"bgsize:cover;bgposition:0% 0%;duration:4000;\"><img loading=\"lazy\" decoding=\"async\" width=\"1363\" height=\"676\" src=\"https:\/\/www.eaurizon.eu\/wp-content\/uploads\/2017\/06\/canyoning-gorges-du-llech-eaurizon-05.jpg\" class=\"ls-bg\" alt=\"Canyoning Llech - Pyr\u00e9n\u00e9es Orientales - Eaurizon\" srcset=\"https:\/\/www.eaurizon.eu\/wp-content\/uploads\/2017\/06\/canyoning-gorges-du-llech-eaurizon-05.jpg 1363w, https:\/\/www.eaurizon.eu\/wp-content\/uploads\/2017\/06\/canyoning-gorges-du-llech-eaurizon-05-600x298.jpg 600w, https:\/\/www.eaurizon.eu\/wp-content\/uploads\/2017\/06\/canyoning-gorges-du-llech-eaurizon-05-730x362.jpg 730w, https:\/\/www.eaurizon.eu\/wp-content\/uploads\/2017\/06\/canyoning-gorges-du-llech-eaurizon-05-768x381.jpg 768w, https:\/\/www.eaurizon.eu\/wp-content\/uploads\/2017\/06\/canyoning-gorges-du-llech-eaurizon-05-1024x508.jpg 1024w\" sizes=\"auto, (max-width: 1363px) 100vw, 1363px\" \/><p style=\"font-size:60px;color:#000000;top:258px;left:14px;\" class=\"ls-l ls-hide-tablet ls-hide-phone ls-text-layer\" data-ls=\"offsetxin:80;offsetxout:-80;durationout:400;parallaxlevel:0;\"><b>CANYONING PYR\u00c9N\u00c9ES ORIENTALES<\/b><\/p><p style=\"font-size:60px;color:#ffffff;top:256px;left:12px;\" class=\"ls-l ls-hide-tablet ls-hide-phone ls-text-layer\" data-ls=\"offsetxin:80;offsetxout:-80;durationout:400;parallaxlevel:0;\"><b>CANYONING PYR\u00c9N\u00c9ES ORIENTALES<\/b><\/p><p style=\"font-size:40px;color:#000000;top:339px;left:14px;\" class=\"ls-l ls-hide-tablet ls-hide-phone ls-text-layer\" data-ls=\"offsetxin:80;offsetxout:-80;durationout:400;parallaxlevel:0;\"><b>LE LLECH : RAPPELS ARROSES DE 5 A 16 M<\/b><\/p><p style=\"font-size:40px;color:#ffae00;top:337px;left:12px;\" class=\"ls-l ls-hide-tablet ls-hide-phone ls-text-layer\" data-ls=\"offsetxin:80;offsetxout:-80;durationout:400;parallaxlevel:0;\"><b>LE LLECH : RAPPELS ARROSES DE 5 A 16 M<\/b><\/p><\/div><\/div>[\/vc_column_text][\/vc_column][\/vc_row][vc_row full_width=&#8220;stretch_row_content_no_spaces&#8220; css=&#8220;.vc_custom_1572290709089{background-color: #1e73be !important;}&#8220; el_class=&#8220;textwhite&#8220;][vc_column width=&#8220;2\/3&#8243;][vc_column_text el_class=&#8220;textwhite&#8220; css=&#8220;.vc_custom_1572290718716{padding-top: 10px !important;padding-right: 10px !important;padding-bottom: 10px !important;padding-left: 10px !important;background-color: #1e73be !important;}&#8220;]CANYONING IN DER REGION PYRENEES ORIENTALES \u2013 KATALONIEN[\/vc_column_text][\/vc_column][vc_column width=&#8220;1\/3&#8243;][vc_column_text el_class=&#8220;textwhite&#8220; css=&#8220;.vc_custom_1572290741102{padding-top: 10px !important;padding-right: 10px !important;padding-bottom: 10px !important;padding-left: 10px !important;background-color: #1e73be !important;}&#8220;]Tel.: +33 468 499 982[\/vc_column_text][\/vc_column][\/vc_row][vc_row full_width=&#8220;stretch_row_content&#8220; css=&#8220;.vc_custom_1572290686045{padding-top: 10px !important;padding-right: 10px !important;padding-bottom: 10px !important;padding-left: 10px !important;}&#8220;][vc_column][vc_column_text el_class=&#8220;textwhite&#8220; css=&#8220;.vc_custom_1572290845962{padding-top: 10px !important;padding-right: 10px !important;padding-bottom: 10px !important;padding-left: 10px !important;}&#8220;]<\/p>\n<h1>Canyoning Pyr\u00e9n\u00e9es Orientales \u2013 Llech Canyon<\/h1>\n<p>[\/vc_column_text][\/vc_column][\/vc_row][vc_row full_width=&#8220;stretch_row_content&#8220; css=&#8220;.vc_custom_1572290686045{padding-top: 10px !important;padding-right: 10px !important;padding-bottom: 10px !important;padding-left: 10px !important;}&#8220;][vc_column width=&#8220;1\/2&#8243;][vc_column_text]<\/p>\n<h2>Der Llech ist einer der beliebtesten Canyons Frankreichs und ein wahres, nat\u00fcrliches Aqualand\u2026<\/h2>\n<p><strong>Wie man an seinem Namen erkennen kann befinden er sich in Franz\u00f6sisch-Katalonien und liegt auf dem majest\u00e4tischen Canigou Massiv das eine H\u00f6he von 2784 Metern erreicht.<\/strong><\/p>\n<p>Das Massiv ist der Verbindungspunkt zwischen Cerdanya, seinem regionalen Naturpark, dem gelben Zug und den vielen Skistationen, w\u00e4hrend der Canyon einer der spektakul\u00e4rsten der Pyren\u00e4en ist und noch dazu super Spa\u00df macht. Bei 15m abseilen, sowie mehreren Spr\u00fcngen und Riesenrutschen ist der Nervenkitzel garantiert. Dieser Canyon bietet uns einen nat\u00fcrlichen Spielplatz ein richtiges \u201eAqualand\u201c der Natur. Wir empfehlen f\u00fcr diesen Canyon bereits Canyoning-Erfahrung zu haben.<\/p>\n<p>Die Region Conflent beherbergt fabelhafte denkmalgesch\u00fctzte D\u00f6rfer (Eus, Villefranche de Conflent, St. Michel de Cuxa) und herrliche Wanderungen, die einen Abstecher wert sind.<br \/>\n[\/vc_column_text][vc_column_text el_class=&#8220;textwhite&#8220; css=&#8220;.vc_custom_1555350369240{padding-top: 10px !important;padding-right: 10px !important;padding-bottom: 10px !important;padding-left: 10px !important;background-color: #1e73be !important;}&#8220;]<strong>IM PROGRAMM:<\/strong><\/p>\n<p>Wir bieten diesen Canyon ganzt\u00e4gig an um so das beste aus seiner mystischen Umgebung zu machen und beim Abstieg in aller Sicherheit vorgehen k\u00f6nnen.<br \/>\n3x Abseilen: 5 \u2013 16m<br \/>\n12 Rutschen: 3 \u2013 8m<br \/>\nSpr\u00fcnge: 3 \u2013 9m<br \/>\nWildwasserschwimmen<br \/>\nDauer: 3Std &#8211; 3Std 30 Schluchtwandern<br \/>\nAnmarsch: ca. 25 Min hin \u2013 40 Min zur\u00fcck<br \/>\nGesamtdauer: 4Std 30<br \/>\nOrt: Prades \u2013 Estoher \u2013 Pyr\u00e9n\u00e9es Orientales[\/vc_column_text][\/vc_column][vc_column width=&#8220;1\/2&#8243;][vc_gallery interval=&#8220;3&#8243; images=&#8220;3564,3740,3736&#8243; img_size=&#8220;full&#8220;][vc_column_text el_class=&#8220;textwhite&#8220; css=&#8220;.vc_custom_1619621372488{padding-top: 10px !important;padding-right: 10px !important;padding-bottom: 10px !important;padding-left: 10px !important;background-color: #1e73be !important;}&#8220;]<strong>PREISE:<\/strong><br \/>\n1 &#8211; 3 Personen: 65\u20ac p.P.<br \/>\n4 &#8211; 7 Personen: 63\u20ac p.P.<br \/>\n8 &#8211; 20 Personen: 60\u20ac p.P.<\/p>\n<p>Bei \u00fcber 20 Personen wenden Sie sich bitte direkt an uns[\/vc_column_text][\/vc_column][\/vc_row][vc_row full_width=&#8220;stretch_row_content&#8220; equal_height=&#8220;yes&#8220; css=&#8220;.vc_custom_1588950341922{margin-bottom: 30px !important;padding-top: 10px !important;padding-right: 10px !important;padding-bottom: 10px !important;padding-left: 10px !important;background-color: #f4f4f4 !important;}&#8220; el_class=&#8220;textwhite&#8220;][vc_column width=&#8220;1\/4&#8243; css=&#8220;.vc_custom_1431375265419{padding-top: 10px !important;padding-right: 10px !important;padding-bottom: 10px !important;padding-left: 10px !important;background-color: #1e73be !important;}&#8220; el_class=&#8220;whitetext&#8220;][vc_column_text]<strong>Die Canyoning Strecke<\/strong><br \/>\nAusger\u00fcstet mit einem Neoprenanzug, Klettergurt und Helm \u00fcberwinden Sie w\u00e4hrend 3Std &#8211; 3Std 30 schwimmend, springend, rutschend und abseilend mit der Beratung Ihres F\u00fchrers die verschiedenen Hindernisse dieses ber\u00fchmten Canyons. Das man sich sowohl im Wasser als auch in der Luft wohlf\u00fchlt ist ein Muss. Rechen Sie bitte au\u00dferdem mit einem Fu\u00dfweg von insgesamt 1Std. Ab 16 Jahren mit Begleitung. Dieser Canyon ist nur als ganzt\u00e4gige Aktivit\u00e4t buchbar.[\/vc_column_text][vc_column_text]<strong>Dauer der Schluchtwanderung<\/strong><br \/>\nGesamtdauer: 4Std \u2013 4Std 30 Schluchtwanderung mit 1Std Fu\u00dfweg[\/vc_column_text][vc_column_text]<strong>Niveau<\/strong><br \/>\nFortgeschrittene, Rot[\/vc_column_text][vc_column_text]<strong>Verf\u00fcgbarkeit<\/strong><br \/>\nMorgens auf Reservation. Normalerweise planen wir einen vollen Tag ein, um den Abstieg ohne Stress angehen zu k\u00f6nnen[\/vc_column_text][\/vc_column][vc_column width=&#8220;1\/4&#8243; css=&#8220;.vc_custom_1497601195768{background-color: #d1d1d1 !important;}&#8220;][vc_column_text]<br \/>\n<strong>UNSERE AUSSTATTUNG:<\/strong><br \/>\nNeoprenanzug, Klettergurt und Helm.[\/vc_column_text][vc_column_text]<br \/>\n<strong>ZUM MITBRINGEN:<\/strong><br \/>\nFeste Schuhe (z.B. Turnschuhe), Badesachen, Trinkwasser[\/vc_column_text][vc_column_text]<br \/>\n<strong>IM PREIS INBEGRIFFEN:<\/strong><br \/>\nDas n\u00f6tige Material und die Leitung durch einen erfahrenen F\u00fchrer.<br \/>\nFotos von Ihrem Ausflug und viele weitere Extras die Sie am Ende der Rubrik finden k\u00f6nnen.[\/vc_column_text][\/vc_column][vc_column width=&#8220;1\/4&#8243; css=&#8220;.vc_custom_1497601185960{background-color: #d1d1d1 !important;}&#8220;][vc_column_text]<br \/>\n<strong>MINDESTALTER:<\/strong><br \/>\n16 Jahre[\/vc_column_text][vc_column_text]<br \/>\n<strong>PRAXISBEDINGUNGEN:<\/strong><br \/>\nMan sollte tauchen und 25m schwimmen k\u00f6nnen. Keine medizinischen Probleme, die Sie am Betreiben von Sport hindern. Sollten Sie R\u00fcckenprobleme, wichtige Operationen o.\u00e4. haben geben Sie diese bitte bei der Buchung an. Nichtvollj\u00e4hrige nur in Begleitung eines Erwachsenen[\/vc_column_text][vc_column_text]<br \/>\n<strong>STANDORT DES CANYONS:<\/strong><br \/>\nGemeinde Prades am Fu\u00df des Canigou, Treffpunkt ist auf dem Parkplatz hinter dem \u201eMaison des Entreprises\u201c am ersten Kreisverkehr von Prades aus der Richting Perpignan. Bei Buchung schicken wir Ihnen einen personalisierten Anfahrtsplan[\/vc_column_text][vc_column_text]<a class=\"wp-colorbox-iframe ourButton\" href=\"http:\/\/www.eaurizon.eu\/wp\/carte-canyon-du-llech\/\">STANDORT<\/a>[\/vc_column_text][\/vc_column][vc_column width=&#8220;1\/4&#8243; css=&#8220;.vc_custom_1463585043361{padding-top: 10px !important;padding-right: 10px !important;padding-bottom: 10px !important;padding-left: 10px !important;background-color: #f29f04 !important;}&#8220; el_class=&#8220;whitetext&#8220;][vc_column_text]<strong>EAURIZON EXTRAS!<\/strong><\/p>\n<ul>\n<li>Ein herzlicher Empfang und angemessene Teilnehmerzahlen.<\/li>\n<li>Erfahrene F\u00fchrer mit perfekten Kenntnissen der Region.<\/li>\n<li>Alle Information \u00fcber unsere Region<\/li>\n<li>Ausr\u00fcstung von hoher Qualit\u00e4t, die nach jeder Nutzung desinfiziert wird.<\/li>\n<li>Sie werden mit allem notwendigem ausgestattet\u2026 keine \u00dcberraschungskosten.<\/li>\n<li>Abschlussdrinks um die Aktivit\u00e4ten gem\u00fctlich zu beenden.<\/li>\n<li>Gratis Fotos von Ihrem Ausflug<\/li>\n<li>Gratis Touristenf\u00fchrer mit \u00fcber 40 Aktivit\u00e4ten und Rabattkarte.<\/li>\n<\/ul>\n<p>[\/vc_column_text][\/vc_column][\/vc_row][vc_row content_placement=&#8220;middle&#8220;][vc_column width=&#8220;1\/2&#8243;][vc_column_text]<img loading=\"lazy\" decoding=\"async\" class=\"size-full wp-image-1836 aligncenter\" src=\"https:\/\/www.eaurizon.eu\/wp-content\/uploads\/2019\/06\/bouton-eaurizon-contact.png\" alt=\"Contactez Nous !\" width=\"254\" height=\"58\" \/>[\/vc_column_text][\/vc_column][vc_column width=&#8220;1\/2&#8243;][vc_column_text]<\/p>\n<div class=\"trekker-pro-checkout\" data-company=\"eaurizon\" data-activity=\"canyon-sensation-du-llech-5cc70dac3e1f4c34ab1298fe\"><\/div>\n<p>[\/vc_column_text][\/vc_column][\/vc_row][vc_row][vc_column][vc_raw_html]PGRpdiBhbGlnbj0iY2VudGVyIiBpdGVtc2NvcGUgaXRlbXR5cGU9Imh0dHA6Ly9zY2hlbWEub3JnL1Byb2R1Y3QiPg0KPGRpdiBjbGFzcz0iYWdncmVnYXRlX3NlYyIgaXRlbXByb3A9ImFnZ3JlZ2F0ZVJhdGluZyIgaXRlbXNjb3BlIGl0ZW10eXBlPSJodHRwOi8vc2NoZW1hLm9yZy9BZ2dyZWdhdGVSYXRpbmciPg0KTm90ZTogPHNwYW4gaXRlbXByb3A9InJhdGluZ1ZhbHVlIj40Ljk8L3NwYW4+IGJhc2VkIG9uIDxzcGFuIGNsYXNzPSJyYXRpbmctY291bnQiIGl0ZW1wcm9wPSJyZXZpZXdDb3VudCI+MjA3PC9zcGFuPiB2b3RlcyA8L3NwYW4+PC9kaXY+DQpGaXJtYTogPHNwYW4gaXRlbXByb3A9ImJyYW5kIj5FYXVyaXpvbjwvc3Bhbj48YnI+DQpBbmdlZ290OiA8c3BhbiBpdGVtcHJvcD0ibmFtZSI+Q2FueW9uaW5nIFB5csOpbsOpZXMgT3JpZW50YWxlcyAtIENhbnlvbiBkdSBMbGVjaCDDoCBsYSBqb3VybsOpZTwvc3Bhbj4NCjxkaXYgY2xhc3M9Im9mZmVyX3NlYyIgaXRlbXByb3A9Im9mZmVycyIgaXRlbXNjb3BlIGl0ZW10eXBlPSJodHRwOi8vc2NoZW1hLm9yZy9PZmZlciI+DQpQcmVpczogPHNwYW4gaXRlbXByb3A9InByaWNlQ3VycmVuY3kiPkVVUiA8L3NwYW4+PHNwYW4gaXRlbXByb3A9InByaWNlIj41OTwvc3Bhbj48YnI+DQpWZXJmw7xnYmFya2VpdDogIDxsaW5rIGl0ZW1wcm9wPSJhdmFpbGFiaWxpdHkiIGhyZWY9Imh0dHA6Ly9zY2hlbWEub3JnL0luU3RvY2siIC8+SW4gc3RvY2s8L2Rpdj48L2Rpdj4=[\/vc_raw_html][\/vc_column][\/vc_row]<\/p>\n<\/div>","protected":false},"excerpt":{"rendered":"<p>[vc_row full_width=&#8220;stretch_row_content_no_spaces&#8220; css=&#8220;.vc_custom_1572290661953{background-color: #1e73be !important;}&#8220;][vc_column][vc_column_text el_class=&#8220;textwhite&#8220; css=&#8220;.vc_custom_1572290671850{padding-top: 10px !important;padding-right: 10px !important;padding-bottom: 10px !important;padding-left: 10px !important;background-color: #1e73be !important;}&#8220;][\/vc_column_text][\/vc_column][\/vc_row][vc_row full_width=&#8220;stretch_row_content_no_spaces&#8220; css=&#8220;.vc_custom_1572290709089{background-color: #1e73be !important;}&#8220; el_class=&#8220;textwhite&#8220;][vc_column width=&#8220;2\/3&#8243;][vc_column_text el_class=&#8220;textwhite&#8220; css=&#8220;.vc_custom_1572290718716{padding-top: 10px !important;padding-right: 10px !important;padding-bottom: 10px !important;padding-left: 10px !important;background-color: #1e73be !important;}&#8220;]CANYONING IN DER REGION PYRENEES ORIENTALES \u2013 KATALONIEN[\/vc_column_text][\/vc_column][vc_column width=&#8220;1\/3&#8243;][vc_column_text el_class=&#8220;textwhite&#8220; css=&#8220;.vc_custom_1572290741102{padding-top: 10px !important;padding-right: 10px !important;padding-bottom: 10px !important;padding-left: 10px !important;background-color: #1e73be !important;}&#8220;]Tel.: [&hellip;]<\/p>\n","protected":false},"author":2,"featured_media":3564,"parent":3553,"menu_order":0,"comment_status":"closed","ping_status":"closed","template":"","meta":{"_acf_changed":false,"site-sidebar-layout":"no-sidebar","site-content-layout":"plain-container","ast-site-content-layout":"normal-width-container","site-content-style":"unboxed","site-sidebar-style":"unboxed","ast-global-header-display":"","ast-banner-title-visibility":"","ast-main-header-display":"","ast-hfb-above-header-display":"","ast-hfb-below-header-display":"","ast-hfb-mobile-header-display":"","site-post-title":"disabled","ast-breadcrumbs-content":"","ast-featured-img":"disabled","footer-sml-layout":"","ast-disable-related-posts":"","theme-transparent-header-meta":"default","adv-header-id-meta":"","stick-header-meta":"default","header-above-stick-meta":"","header-main-stick-meta":"","header-below-stick-meta":"","astra-migrate-meta-layouts":"default","ast-page-background-enabled":"default","ast-page-background-meta":{"desktop":{"background-color":"","background-image":"","background-repeat":"repeat","background-position":"center center","background-size":"auto","background-attachment":"scroll","background-type":"","background-media":"","overlay-type":"","overlay-color":"","overlay-opacity":"","overlay-gradient":""},"tablet":{"background-color":"","background-image":"","background-repeat":"repeat","background-position":"center center","background-size":"auto","background-attachment":"scroll","background-type":"","background-media":"","overlay-type":"","overlay-color":"","overlay-opacity":"","overlay-gradient":""},"mobile":{"background-color":"","background-image":"","background-repeat":"repeat","background-position":"center center","background-size":"auto","background-attachment":"scroll","background-type":"","background-media":"","overlay-type":"","overlay-color":"","overlay-opacity":"","overlay-gradient":""}},"ast-content-background-meta":{"desktop":{"background-color":"var(--ast-global-color-5)","background-image":"","background-repeat":"repeat","background-position":"center center","background-size":"auto","background-attachment":"scroll","background-type":"","background-media":"","overlay-type":"","overlay-color":"","overlay-opacity":"","overlay-gradient":""},"tablet":{"background-color":"var(--ast-global-color-5)","background-image":"","background-repeat":"repeat","background-position":"center center","background-size":"auto","background-attachment":"scroll","background-type":"","background-media":"","overlay-type":"","overlay-color":"","overlay-opacity":"","overlay-gradient":""},"mobile":{"background-color":"var(--ast-global-color-5)","background-image":"","background-repeat":"repeat","background-position":"center center","background-size":"auto","background-attachment":"scroll","background-type":"","background-media":"","overlay-type":"","overlay-color":"","overlay-opacity":"","overlay-gradient":""}},"footnotes":""},"class_list":["post-3733","page","type-page","status-publish","has-post-thumbnail","hentry"],"acf":[],"_links":{"self":[{"href":"https:\/\/www.eaurizon.eu\/de\/wp-json\/wp\/v2\/pages\/3733","targetHints":{"allow":["GET"]}}],"collection":[{"href":"https:\/\/www.eaurizon.eu\/de\/wp-json\/wp\/v2\/pages"}],"about":[{"href":"https:\/\/www.eaurizon.eu\/de\/wp-json\/wp\/v2\/types\/page"}],"author":[{"embeddable":true,"href":"https:\/\/www.eaurizon.eu\/de\/wp-json\/wp\/v2\/users\/2"}],"replies":[{"embeddable":true,"href":"https:\/\/www.eaurizon.eu\/de\/wp-json\/wp\/v2\/comments?post=3733"}],"version-history":[{"count":3,"href":"https:\/\/www.eaurizon.eu\/de\/wp-json\/wp\/v2\/pages\/3733\/revisions"}],"predecessor-version":[{"id":4610,"href":"https:\/\/www.eaurizon.eu\/de\/wp-json\/wp\/v2\/pages\/3733\/revisions\/4610"}],"up":[{"embeddable":true,"href":"https:\/\/www.eaurizon.eu\/de\/wp-json\/wp\/v2\/pages\/3553"}],"wp:featuredmedia":[{"embeddable":true,"href":"https:\/\/www.eaurizon.eu\/de\/wp-json\/wp\/v2\/media\/3564"}],"wp:attachment":[{"href":"https:\/\/www.eaurizon.eu\/de\/wp-json\/wp\/v2\/media?parent=3733"}],"curies":[{"name":"wp","href":"https:\/\/api.w.org\/{rel}","templated":true}]}}