{"id":3749,"date":"2022-06-27T15:53:06","date_gmt":"2022-06-27T14:53:06","guid":{"rendered":"https:\/\/www.eaurizon.eu\/allgemeine-verkaufsbedingungen\/"},"modified":"2022-06-27T15:55:50","modified_gmt":"2022-06-27T14:55:50","slug":"allgemeine-verkaufsbedingungen","status":"publish","type":"page","link":"https:\/\/www.eaurizon.eu\/de\/allgemeine-verkaufsbedingungen\/","title":{"rendered":"ALLGEMEINE VERKAUFSBEDINGUNGEN"},"content":{"rendered":"<p><span style=\"color: #1c361c;\"><span style=\"font-family: Arial, serif;\"><span style=\"font-size: medium;\">Diese Bedingungen werden zwischen dem Unternehmen &#8222;Eurl Eaurizon, mit Sitz in 5 Rue Armand Barb\u00e8s 11700 Puich\u00e9ric, 0468499982, contact@eaurizon.eu, und Personen, die eine Kauf \u00fcber die Eaurizon-Website vornehmen abgeschlossen, im Folgenden als \u201eder Benutzer\u201c bezeichnet. Die Parteien vereinbaren, dass ausschlie\u00dflich die am Tag des Kaufs geltend Verkaufsbedingungen, ihre Beziehung regeln. Wenn eine Bedingung fehlt, wird davon ausgegangen, dass diese den im Fernabsatzsektor in Frankreich geltenden Praktiken unterliegt.<\/span><\/span><\/span><\/p>\n<p><span style=\"color: #1c361c;\"><span style=\"font-family: Arial, serif;\"><span style=\"font-size: large;\"><b>BETREFF<\/b><\/span><\/span><\/span><\/p>\n<p><span style=\"color: #1c361c;\"><span style=\"font-family: Arial, serif;\"><span style=\"font-size: medium;\">Diese Bedingungen sollen die Verkaufsbedingungen zwischen der Firma Eaurizon und dem Benutzer definieren, von der Bestellung bis zum Kundendienst, einschlie\u00dflich Zahlung und Lieferung. Diese Bedingungen beziehen sich ausschlie\u00dflich auf echte und vollj\u00e4hrige Personen.<\/span><\/span><\/span><\/p>\n<p><span style=\"color: #1c361c;\"><span style=\"font-family: Arial, serif;\"><span style=\"font-size: large;\"><b>BESTELLUNG<\/b><\/span><\/span><\/span><\/p>\n<p><span style=\"color: #1c361c;\"><span style=\"font-family: Arial, serif;\"><span style=\"font-size: medium;\">Der Benutzer kann seine Bestellung online aus dem Online-Katalog auf der Eaurizon-Website unter der folgenden Adresse aufgeben: <\/span><\/span><\/span><a href=\"http:\/\/www.eaurizon.eu\"><span style=\"font-family: Arial, serif;\"><span style=\"font-size: medium;\">www.eaurizon.eu<\/span><\/span><\/a><\/p>\n<p><span style=\"color: #1c361c;\"><span style=\"font-family: Arial, serif;\"><span style=\"font-size: medium;\">Die Bestellung kann nur dann auf der Seite registriert werden, wenn sich der Benutzer durch Eingabe seines Kundencodes und seines pers\u00f6nlichen Passworts eindeutig identifiziert hat. Jeder Benutzer der Website, der keine Kundennummer hat, muss ein Registrierungsverfahren durchlaufen, das es ihm erm\u00f6glicht, seine Kundennummer zu erhalten. Diese Nummer ist pers\u00f6nlich. Jegliche Verluste oder Vergessen derselbigen m\u00fcssen Eaurizon gemeldet werden, indem Sie sich telefonisch unter 04.68.49.99.82 an den Kundendienst wenden. Jede Bestellung impliziert die Annahme der Preise und der Beschreibung der zum Verkauf stehenden Produkte. Streitigkeiten zu diesem Punkt werden im Rahmen eines m\u00f6glichen Austauschs ausgetragen. Der Benutzer hat die M\u00f6glichkeit, seinen Warenkorb vor der endg\u00fcltigen Validierung zu \u00e4ndern, wobei dieser letzte Schritt den Kaufvertrag zwischen der Firma Eaurizon und dem Benutzer formalisiert. Eaurizon verpflichtet sich, auf der Website eingegangene Bestellungen nur im Rahmen der verf\u00fcgbaren Produktbest\u00e4nde zu erf\u00fcllen. Wenn das Produkt nicht verf\u00fcgbar ist, verpflichtet sich Eaurizon, den Benutzer zu informieren. In bestimmten F\u00e4llen, insbesondere bei Nichtzahlung, falscher Adresse oder anderen Problemen auf dem Konto des Benutzers, beh\u00e4lt sich Eaurizon das Recht vor, die Bestellung des Benutzers zu sperren, bis das Problem behoben ist. Bei Fragen zur Nachverfolgung Ihrer Bestellung rufen Sie bitte 04.68.49.99.82 von Montag bis Freitag von 9.00 bis 12.00 Uhr und von 14.00 bis 18.00 Uhr an.<\/span><\/span><\/span><\/p>\n<p><span style=\"color: #1c361c;\"><span style=\"font-family: Arial, serif;\"><span style=\"font-size: large;\"><b>LIEFERUNG<\/b><\/span><\/span><\/span><\/p>\n<p><span style=\"color: #1c361c;\"><span style=\"font-family: Arial, serif;\"><span style=\"font-size: medium;\">Pakete k\u00f6nnen nur innerhalb des franz\u00f6sischen Festlandes auf der Grundlage einer Lieferpauschale versandt werden. Wenn der Benutzer au\u00dferhalb der oben angegebenen Liefergebiete wohnt und eine Lieferung ins Ausland oder in Dom Tom erhalten m\u00f6chte, kann er nach Kontaktaufnahme mit der Firma Eaurizon entweder per Post, telefonisch, oder per E-Mail (contact@eaurizon.eu), ein Angebot anfordern. Dieses wird per E-Mail oder Post in einen detaillierten Kostenvoranschlag mit den Lieferkosten f\u00fcr die Lieferung ins Ausland oder im Dom Tom zur\u00fcckgesendet (die Lieferkosten werden nach dem Gewicht der angeforderten Ware und dem Liefergebiet berechnet). Die Lieferung erfolgt durch Colissimo. Der Benutzer hat unter keinen Umst\u00e4nden die M\u00f6glichkeit, den Lieferservice f\u00fcr aufgegebene Bestellungen zu w\u00e4hlen. Lieferungen erfolgen nur von Montag bis Freitag. An Wochenenden und Feiertagen erfolgt keine Zustellung. Die Lieferzeit variiert je nach bestellter Ware, Verf\u00fcgbarkeit und Lieferort. Eaurizon kann im Falle h\u00f6herer Gewalt nicht f\u00fcr Lieferverz\u00f6gerungen des Spediteurs verantwortlich gemacht werden. Die Lieferung erfolgt an den in der Bestellung angegebenen Ort. Nach dem Versand der Bestellung kann der Lieferort nicht ohne zus\u00e4tzliche Lieferkosten ge\u00e4ndert werden.<\/span><\/span><\/span><\/p>\n<p><span style=\"color: #1c361c;\"><span style=\"font-family: Arial, serif;\"><span style=\"font-size: large;\"><b>ZAHLUNGSBEDINGUNGEN<\/b><\/span><\/span><\/span><\/p>\n<p><span style=\"color: #1c361c;\"><span style=\"font-family: Arial, serif;\"><span style=\"font-size: medium;\">Der Benutzer kann seine Eink\u00e4ufe nur mit Karte zahlen (Kredit oder Debit)<br \/>\nNachnamelieferungen werden nicht akzeptiert.<\/span><\/span><\/span><\/p>\n<p><span style=\"color: #1c361c;\"><span style=\"font-family: Arial, serif;\"><span style=\"font-size: large;\"><b>PREISE<\/b><\/span><\/span><\/span><\/p>\n<p><span style=\"color: #1c361c;\"><span style=\"font-family: Arial, serif;\"><span style=\"font-size: medium;\">LDie Preise sind in Euro inklusive aller Steuern angegeben. Diese Preise beinhaltet eine pauschale Beteiligung an den Bearbeitungskosten (Versand, Verpackung und Konfektionierung nach Ma\u00dfgabe der jeweils g\u00fcltigen Betr\u00e4ge). Sie ber\u00fccksichtigen die am Tag der Bestellung g\u00fcltige Mehrwertsteuer. Jede \u00c4nderung des anwendbaren Satzes kann an die Preise der Produkte weitergegeben werden. Die Preise k\u00f6nnen jedoch nicht ge\u00e4ndert werden, sobald die Bestellung des Kunden best\u00e4tigt wurde. Die auf der Website angegebenen Preise werden f\u00fcr die Dauer der Online-Ver\u00f6ffentlichung und im Rahmen der verf\u00fcgbaren Best\u00e4nde garantiert.<\/span><\/span><\/span><\/p>\n<p><span style=\"color: #1c361c;\"><span style=\"font-family: Arial, serif;\"><span style=\"font-size: large;\"><b>WIDERRUFSRECHT \/ R\u00dcCKGABE \/ UMTAUSCH \/ GEW\u00c4HRLEISTUNG<\/b><\/span><\/span><\/span><\/p>\n<p><span style=\"color: #1c361c;\"><span style=\"font-family: Arial, serif;\"><span style=\"font-size: medium;\">Alle Artikel k\u00f6nnen bei Unzufriedenheit des Benutzers zur\u00fcckerstattet werden. Der K\u00e4ufer hat wie jeder Verbraucher ein Widerrufsrecht von 14 Tagen ab dem Tag, an dem er die Ware in Besitz genommen hat. Die R\u00fccksendung von Artikeln erfolgt auf Kosten des Kunden. Alle Vorg\u00e4nge, die zwischen dem Unternehmen Eaurizon und den Benutzern stattfinden und nicht innerhalb von 1 Monat bestritten werden, k\u00f6nnen keinen Anlass zu einer Beschwerde geben.<\/span><\/span><\/span><\/p>\n<p><span style=\"color: #1c361c;\"><span style=\"font-family: Arial, serif;\"><span style=\"font-size: large;\"><b>UNTERSCHRIFT UND NACHWEIS<\/b><\/span><\/span><\/span><\/p>\n<p><span style=\"color: #1c361c;\"><span style=\"font-family: Arial, serif;\"><span style=\"font-size: medium;\">Die Online Angabe der Kreditkartennummer und die endg\u00fcltige Best\u00e4tigung der Bestellung gelten als Beweis f\u00fcr die Vollst\u00e4ndigkeit der besagten Bestellung gem\u00e4\u00df den Bestimmungen des Gesetzes vom 13. M\u00e4rz 2000 und als Zahlung der Betr\u00e4ge, die durch die in der Bestellung aufgef\u00fchrten Pf\u00e4ndungsgegenst\u00e4nde begangen werden. Diese Validierung ist eine Unterschrift und ausdr\u00fcckliche Annahme aller auf der Website durchgef\u00fchrten Vorg\u00e4nge. Im Falle einer betr\u00fcgerischen Verwendung der Bankkarte wird der Kunde jedoch aufgefordert, sobald diese Verwendung festgestellt wird, den Kundendienst unter 04.68.49.99.82 so schnell wie m\u00f6glich zu kontaktieren, um die Waren zu entwerten, die ohne sein Wissen bestellt wurden.<\/span><\/span><\/span><\/p>\n<p><span style=\"color: #1c361c;\"><span style=\"font-family: Arial, serif;\"><span style=\"font-size: large;\"><b>VERANTWORTUNG<\/b><\/span><\/span><\/span><\/p>\n<p><span style=\"color: #1c361c;\"><span style=\"font-family: Arial, serif;\"><span style=\"font-size: medium;\">Eaurizon hat eine Ergebnispflicht f\u00fcr alle Phasen der Auftragsannahme sowie f\u00fcr Phasen nach Vertragsschluss. Daher verpflichtet sich Eaurizon, die auf der Eaurizon-Website verkauften Produkte mit gr\u00f6\u00dfter Genauigkeit zu beschreiben. Die Firma Eaurizon kann jedoch nicht haftbar gemacht werden f\u00fcr den Fall, dass die Nichterf\u00fcllung ihrer Verpflichtungen entweder auf ein unvorhersehbares und un\u00fcberwindbares Ereignis eines Dritten des Vertrages oder auf einen Fall h\u00f6herer Gewalt zur\u00fcckzuf\u00fchren ist definiert durch die franz\u00f6sische Rechtsprechung. Ebenso kann Eaurizon nicht f\u00fcr Unannehmlichkeiten oder Sch\u00e4den haftbar gemacht werden, die mit der Nutzung des Internet-Netzwerks verbunden sind, insbesondere eine Unterbrechung des Dienstes, ein Eindringen von au\u00dfen oder das Vorhandensein von Computerviren.<\/span><\/span><\/span><\/p>\n<p><span style=\"color: #1c361c;\"><span style=\"font-family: Arial, serif;\"><span style=\"font-size: large;\"><b>PERS\u00d6NLICHE DATEN<\/b><\/span><\/span><\/span><\/p>\n<p><span style=\"color: #1c361c;\"><span style=\"font-family: Arial, serif;\"><span style=\"font-size: medium;\">Die Firma Eaurizon beh\u00e4lt sich das Recht vor, Daten \u00fcber den Benutzer zu erheben, insbesondere durch die Verwendung von E-Mail oder Adresse. Die Erhebung von Daten durch das f\u00fcr die Verarbeitung verantwortliche Unternehmen Eaurizon ist erforderlich, um die Anfragen der Nutzer zu ber\u00fccksichtigen. Durch Angabe seiner E-Mail-Adresse gegen\u00fcber der Firma Eaurizon kann der Benutzer eine Auftragsbest\u00e4tigung erhalten. Abh\u00e4ngig von der beim Erstellen oder Anzeigen seines Kontos getroffenen Wahl kann der Benutzer Angebote von Eaurizon erhalten. Die auf der Website von der Firma Eaurizon gesammelten Informationen werden in einer Computerdatei gespeichert. Sie werden f\u00fcr die Dauer unserer Zusammenarbeit und 10 Jahre dar\u00fcber hinaus aufbewahrt und sind f\u00fcr unsere Verwaltungs-, Buchhaltungs- und Kommunikationsabteilungen bestimmt. Gem\u00e4\u00df dem Gesetz \u201eInformatique et Libert\u00e9s\u201c und den f\u00fcr personenbezogene Daten geltenden Vorschriften haben Sie ein Recht auf Auskunft, Berichtigung, Widerspruch, Einschr\u00e4nkung der Verarbeitung, L\u00f6schung und \u00dcbertragbarkeit Ihrer Daten oder auf Abmeldung, die Sie aus\u00fcben k\u00f6nnen indem Sie eine E-Mail an <\/span><\/span><\/span><a href=\"mailto:contact@eaurizon.eu\"><span style=\"font-family: Arial, serif;\"><span style=\"font-size: medium;\">contact@eaurizon.eu<\/span><\/span><\/a><span style=\"color: #1c361c;\"><span style=\"font-family: Arial, serif;\"><span style=\"font-size: medium;\"> mit Angabe Ihres Namens, Vornamens und Ihrer Adresse senden. Eaurizon setzt alle Mittel ein, um die Vertraulichkeit und Sicherheit der auf seiner Website \u00fcbermittelten Daten zu gew\u00e4hrleisten.<\/span><\/span><\/span><\/p>\n<p><span style=\"color: #1c361c;\"><span style=\"font-family: Arial, serif;\"><span style=\"font-size: large;\"><b>GEISTIGES EIGENTUM<\/b><\/span><\/span><\/span><\/p>\n<p><span style=\"color: #1c361c;\"><span style=\"font-family: Arial, serif;\"><span style=\"font-size: medium;\">Alle Elemente der Unternehmenswebsite von Eaurizon, ob in Bild oder Ton, einschlie\u00dflich der verwendeten Technologie, sind urheberrechtlich gesch\u00fctzt. Daher d\u00fcrfen keine Dokumente von der Eaurizon-Unternehmenswebsite kopiert, vervielf\u00e4ltigt, neu ver\u00f6ffentlicht, heruntergeladen, gepostet, \u00fcbertragen oder verteilt werden, au\u00dfer unter den folgenden Bedingungen: Es ist m\u00f6glich, eine Kopie der Dokumente f\u00fcr den pers\u00f6nlichen Gebrauch d.h. nicht f\u00fcr kommerzielle Zwecke auf einen Computer f\u00fcr Sie herunterzuladen, vorausgesetzt, dass Sie die Informationen nicht \u00e4ndern und alle Urheberrechts- und anderen Eigentumshinweise intakt lassen. Die Ver\u00e4nderung dieser Dokumente oder ihre Verwendung f\u00fcr einen anderen Zweck stellt eine Verletzung der geistigen Eigentumsrechte der Firma Eaurizon dar. Ein Benutzer, der eine eigene Website hat und auf seiner Website einen Link platzieren m\u00f6chte, der direkt auf die Homepage der Website des Unternehmens Eaurizon verweist, muss die Genehmigung von Eaurizon obligatorisch anfordern. Es handelt sich dabei keineswegs um einen stillschweigenden Anschlussvertrag. Die auf dieser Website erscheinenden Marken, Logos, Designs und Modelle sind das ausschlie\u00dfliche Eigentum von Eaurizon. Ihre Offenlegung kann in keiner Weise als Gew\u00e4hrung einer Lizenz oder eines Rechts zur Nutzung der genannten Marken und unterscheidungskr\u00e4ftigen gesch\u00fctzten Elemente ausgelegt werden. Sie k\u00f6nnen daher nicht verwendet werden.<\/span><\/span><\/span><\/p>\n<p><span style=\"color: #1c361c;\"><span style=\"font-family: Arial, serif;\"><span style=\"font-size: large;\"><b>VOLLST\u00c4NDIGKEIT<\/b><\/span><\/span><\/span><\/p>\n<p><span style=\"color: #1c361c;\"><span style=\"font-family: Arial, serif;\"><span style=\"font-size: medium;\">F\u00fcr den Fall, dass eine der Klauseln dieses Vertrages durch eine \u00c4nderung der Gesetzgebung, Verordnung oder durch eine gerichtliche Entscheidung nichtig ist, kann dies in keiner Weise die G\u00fcltigkeit und Einhaltung dieser Allgemeinen Verkaufsbedingungen beeintr\u00e4chtigen.<\/span><\/span><\/span><\/p>\n<p><span style=\"color: #1c361c;\"><span style=\"font-family: Arial, serif;\"><span style=\"font-size: large;\"><b>DAUER<\/b><\/span><\/span><\/span><\/p>\n<p><span style=\"color: #1c361c;\"><span style=\"font-family: Arial, serif;\"><span style=\"font-size: medium;\">Diese Bedingungen gelten f\u00fcr die gesamte Dauer der von Eaurizon angebotenen Online-Dienste.<\/span><\/span><\/span><\/p>\n<p><span style=\"color: #1c361c;\"><span style=\"font-family: Arial, serif;\"><span style=\"font-size: large;\"><b>TRANSAKTIONSARCHIV<\/b><\/span><\/span><\/span><\/p>\n<p><span style=\"color: #1c361c;\"><span style=\"font-family: Arial, serif;\"><span style=\"font-size: medium;\">Die computergest\u00fctzten Register, die in den Computersystemen der Firma Eaurizon unter angemessenen Sicherheitsbedingungen gef\u00fchrt werden, gelten als Beweis f\u00fcr die zwischen den Parteien get\u00e4tigten Mitteilungen, Bestellungen und Zahlungen. Die Archivierung von Bestellungen und Rechnungen erfolgt auf einem zuverl\u00e4ssigen und dauerhaften Medium, um einer getreuen und dauerhaften Kopie gem\u00e4\u00df Artikel 1348 des Zivilgesetzbuchs zu entsprechen.<\/span><\/span><\/span><\/p>\n<p><span style=\"color: #1c361c;\"><span style=\"font-family: Arial, serif;\"><span style=\"font-size: large;\"><b>ANWENDBARES RECHT UND GERICHTSSTAND<\/b><\/span><\/span><\/span><\/p>\n<p><span style=\"color: #1c361c;\"><span style=\"font-family: Arial, serif;\"><span style=\"font-size: medium;\">Diese Bedingungen unterliegen franz\u00f6sischem Recht. Das zust\u00e4ndige Gericht im Streitfall ist der Wohnort des Beklagten oder nach Wahl des Kl\u00e4gers der Ort der tats\u00e4chlichen Lieferung des Produkts. Diese Website entspricht in keinem Fall dem franz\u00f6sischen Recht. Eaurizon gibt keine Garantie f\u00fcr die Einhaltung der f\u00fcr Sie geltenden lokalen Gesetze, wenn Sie von anderen L\u00e4ndern aus auf die Website zugreifen.<\/span><\/span><\/span><\/p>\n","protected":false},"excerpt":{"rendered":"<p>Diese Bedingungen werden zwischen dem Unternehmen &#8222;Eurl Eaurizon, mit Sitz in 5 Rue Armand Barb\u00e8s 11700 Puich\u00e9ric, 0468499982, contact@eaurizon.eu, und Personen, die eine Kauf \u00fcber die Eaurizon-Website vornehmen abgeschlossen, im Folgenden als \u201eder Benutzer\u201c bezeichnet. Die Parteien vereinbaren, dass ausschlie\u00dflich die am Tag des Kaufs geltend Verkaufsbedingungen, ihre Beziehung regeln. Wenn eine Bedingung fehlt, wird [&hellip;]<\/p>\n","protected":false},"author":1,"featured_media":0,"parent":0,"menu_order":0,"comment_status":"closed","ping_status":"closed","template":"","meta":{"_acf_changed":false,"site-sidebar-layout":"no-sidebar","site-content-layout":"plain-container","ast-site-content-layout":"default","site-content-style":"default","site-sidebar-style":"default","ast-global-header-display":"","ast-banner-title-visibility":"","ast-main-header-display":"","ast-hfb-above-header-display":"","ast-hfb-below-header-display":"","ast-hfb-mobile-header-display":"","site-post-title":"","ast-breadcrumbs-content":"","ast-featured-img":"disabled","footer-sml-layout":"","ast-disable-related-posts":"","theme-transparent-header-meta":"default","adv-header-id-meta":"","stick-header-meta":"default","header-above-stick-meta":"","header-main-stick-meta":"","header-below-stick-meta":"","astra-migrate-meta-layouts":"default","ast-page-background-enabled":"default","ast-page-background-meta":{"desktop":{"background-color":"","background-image":"","background-repeat":"repeat","background-position":"center center","background-size":"auto","background-attachment":"scroll","background-type":"","background-media":"","overlay-type":"","overlay-color":"","overlay-opacity":"","overlay-gradient":""},"tablet":{"background-color":"","background-image":"","background-repeat":"repeat","background-position":"center center","background-size":"auto","background-attachment":"scroll","background-type":"","background-media":"","overlay-type":"","overlay-color":"","overlay-opacity":"","overlay-gradient":""},"mobile":{"background-color":"","background-image":"","background-repeat":"repeat","background-position":"center center","background-size":"auto","background-attachment":"scroll","background-type":"","background-media":"","overlay-type":"","overlay-color":"","overlay-opacity":"","overlay-gradient":""}},"ast-content-background-meta":{"desktop":{"background-color":"var(--ast-global-color-5)","background-image":"","background-repeat":"repeat","background-position":"center center","background-size":"auto","background-attachment":"scroll","background-type":"","background-media":"","overlay-type":"","overlay-color":"","overlay-opacity":"","overlay-gradient":""},"tablet":{"background-color":"var(--ast-global-color-5)","background-image":"","background-repeat":"repeat","background-position":"center center","background-size":"auto","background-attachment":"scroll","background-type":"","background-media":"","overlay-type":"","overlay-color":"","overlay-opacity":"","overlay-gradient":""},"mobile":{"background-color":"var(--ast-global-color-5)","background-image":"","background-repeat":"repeat","background-position":"center center","background-size":"auto","background-attachment":"scroll","background-type":"","background-media":"","overlay-type":"","overlay-color":"","overlay-opacity":"","overlay-gradient":""}},"footnotes":""},"class_list":["post-3749","page","type-page","status-publish","hentry"],"acf":[],"_links":{"self":[{"href":"https:\/\/www.eaurizon.eu\/de\/wp-json\/wp\/v2\/pages\/3749","targetHints":{"allow":["GET"]}}],"collection":[{"href":"https:\/\/www.eaurizon.eu\/de\/wp-json\/wp\/v2\/pages"}],"about":[{"href":"https:\/\/www.eaurizon.eu\/de\/wp-json\/wp\/v2\/types\/page"}],"author":[{"embeddable":true,"href":"https:\/\/www.eaurizon.eu\/de\/wp-json\/wp\/v2\/users\/1"}],"replies":[{"embeddable":true,"href":"https:\/\/www.eaurizon.eu\/de\/wp-json\/wp\/v2\/comments?post=3749"}],"version-history":[{"count":2,"href":"https:\/\/www.eaurizon.eu\/de\/wp-json\/wp\/v2\/pages\/3749\/revisions"}],"predecessor-version":[{"id":3751,"href":"https:\/\/www.eaurizon.eu\/de\/wp-json\/wp\/v2\/pages\/3749\/revisions\/3751"}],"wp:attachment":[{"href":"https:\/\/www.eaurizon.eu\/de\/wp-json\/wp\/v2\/media?parent=3749"}],"curies":[{"name":"wp","href":"https:\/\/api.w.org\/{rel}","templated":true}]}}