{"id":3864,"date":"2022-07-01T08:30:38","date_gmt":"2022-07-01T07:30:38","guid":{"rendered":"https:\/\/www.eaurizon.eu\/buchungsformular-canyoning\/"},"modified":"2022-07-01T08:38:09","modified_gmt":"2022-07-01T07:38:09","slug":"buchungsformular-canyoning","status":"publish","type":"page","link":"https:\/\/www.eaurizon.eu\/de\/buchungsformular-canyoning\/","title":{"rendered":"Buchungsformular Canyoning"},"content":{"rendered":"<div class=\"wpb-content-wrapper\"><p>[vc_row][vc_column width=&#8220;2\/3&#8243;][vc_column_text]<div style=\"display:none\" class=\"fm-form-container fm-theme38\"><div id=\"fm-pages27\" class=\"fm-pages wdform_page_navigation \" show_title=\"false\" show_numbers=\"true\" type=\"none\"><\/div><form name=\"form27\" action=\"\/de\/wp-json\/wp\/v2\/pages\/3864\" method=\"post\" id=\"form27\" class=\"fm-form form27  \" enctype=\"multipart\/form-data\"><input type=\"hidden\" id=\"counter27\" value=\"27\" name=\"counter27\" \/><input type=\"hidden\" id=\"Itemid27\" value=\"\" name=\"Itemid27\" \/><input type=\"hidden\" id=\"fm_shake27\" value=\"1\" name=\"fm_shake27\" \/><input type=\"text\" class=\"fm-hide\" id=\"fm_bot_validation27\" value=\"\" name=\"fm_bot_validation27\" \/><input type=\"text\" class=\"fm-hide\" id=\"fm_empty_field_validation27\" value=\"\" name=\"fm_empty_field_validation27\" data-value=\"08f532f30f72359f12fc9d1cf68596e3\" \/><input type=\"hidden\" id=\"fm_form_nonce27\" name=\"fm_form_nonce27\" value=\"69244dbaf7\" \/><input type=\"hidden\" name=\"_wp_http_referer\" value=\"\/de\/wp-json\/wp\/v2\/pages\/3864\" \/><div class=\"wdform-page-and-images fm-form-builder\" style=\"display:table; border-top:0px solid black;\"><div id=\"27form_view1\" class=\"wdform_page\" page_title=\"Untitled page\" next_title=\"Next\" next_type=\"text\" next_class=\"wdform-page-button\" next_checkable=\"false\" previous_title=\"Previous\" previous_type=\"text\" previous_class=\"wdform-page-button\" previous_checkable=\"false\"><div class=\"wdform_section fm-col-1\"><div class=\"wdform_column\"><div wdid=\"1\" class=\"wdform_row\"><div type=\"type_text\" class=\"wdform-field wd-width-100 wd-flex wd-flex-row\"><div class=\"wdform-label-section wd-width-30  wd-flex-row wd-align-items-center\" style=\"max-width: 150px;\">    <label  for=\"wdform_1_element27\" class=\"wdform-label\">Vorname:<\/label><span class=\"wdform-required\">*<\/span><\/div><div class=\"wdform-element-section wd-flex  wd-flex-row wd-align-items-center wd-width-70\" style=\"max-width: 200px;\"><input type=\"text\"                           class=\"wd-width-100\"                           id=\"wdform_1_element27\"                           name=\"wdform_1_element27\"                           value=\"\"                           title=\"\"                           placeholder=\"\"                                                       \/><\/div><\/div><\/div><\/div><div class=\"wdform_column\"><div wdid=\"3\" class=\"wdform_row\" style=\"\"><div type=\"type_text\" class=\"wdform-field wd-width-100 wd-flex wd-flex-row\"><div class=\"wdform-label-section wd-width-30  wd-flex-row wd-align-items-center\" style=\"max-width: 150px;\">    <label  for=\"wdform_3_element27\" class=\"wdform-label\">Name:<\/label><span class=\"wdform-required\">*<\/span><\/div><div class=\"wdform-element-section wd-flex  wd-flex-row wd-align-items-center wd-width-70\" style=\"max-width: 200px;\"><input type=\"text\"                           class=\"wd-width-100\"                           id=\"wdform_3_element27\"                           name=\"wdform_3_element27\"                           value=\"\"                           title=\"\"                           placeholder=\"\"                                                       \/><\/div><\/div><\/div><\/div><div class=\"wdform_column\"><div wdid=\"7\" class=\"wdform_row\" style=\"\"><div type=\"type_text\" class=\"wdform-field wd-width-100 wd-flex wd-flex-row\"><div class=\"wdform-label-section wd-width-30  wd-flex-row wd-align-items-center\" style=\"max-width: 150px;\">    <label  for=\"wdform_7_element27\" class=\"wdform-label\">Adresse:<\/label><span class=\"wdform-required\">*<\/span><\/div><div class=\"wdform-element-section wd-flex  wd-flex-row wd-align-items-center wd-width-70\" style=\"max-width: 600px;\"><input type=\"text\"                           class=\"wd-width-100\"                           id=\"wdform_7_element27\"                           name=\"wdform_7_element27\"                           value=\"\"                           title=\"\"                           placeholder=\"\"                                                       \/><\/div><\/div><\/div><\/div><div class=\"wdform_column\"><div wdid=\"5\" class=\"wdform_row\" style=\"position: relative; left: 0px; top: 0px;\"><div type=\"type_submitter_mail\" class=\"wdform-field wd-width-100 wd-flex wd-flex-row\"><div class=\"wdform-label-section wd-width-30  wd-flex-row\" style=\"max-width: 150px;\">    <label  for=\"wdform_5_element27\" class=\"wdform-label\">Email:<\/label><span class=\"wdform-required\">*<\/span><\/div><div class=\"wdform-element-section wd-flex  wd-flex-row wd-width-70\" style=\"max-width: 200px;\"><input type=\"text\" class=\"wd-width-100\" id=\"wdform_5_element27\" name=\"wdform_5_element27\" value=\"\" title=\"\" placeholder=\"\"   onchange=\"wd_check_email('5', '27', 'Dies ist keine g\u00fcltige E-Mail-Adresse.')\" \/><\/div><\/div><\/div><\/div><div class=\"wdform_column\"><div wdid=\"9\" class=\"wdform_row\" style=\"\"><div type=\"type_text\" class=\"wdform-field wd-width-100 wd-flex wd-flex-row\"><div class=\"wdform-label-section wd-width-30  wd-flex-row wd-align-items-center\" style=\"max-width: 150px;\">    <label  for=\"wdform_9_element27\" class=\"wdform-label\">Telefon:<\/label><span class=\"wdform-required\">*<\/span><\/div><div class=\"wdform-element-section wd-flex  wd-flex-row wd-align-items-center wd-width-70\" style=\"max-width: 200px;\"><input type=\"text\"                           class=\"wd-width-100\"                           id=\"wdform_9_element27\"                           name=\"wdform_9_element27\"                           value=\"\"                           title=\"\"                           placeholder=\"\"                                                       \/><\/div><\/div><\/div><\/div><div class=\"wdform_column\"><div wdid=\"15\" class=\"wdform_row\" style=\"\"><div type=\"type_text\" class=\"wdform-field wd-width-100 wd-flex wd-flex-row\"><div class=\"wdform-label-section wd-width-30  wd-flex-row wd-align-items-center\" style=\"max-width: 150px;\">    <label  for=\"wdform_15_element27\" class=\"wdform-label\">Betreff:<\/label><span class=\"wdform-required\">*<\/span><\/div><div class=\"wdform-element-section wd-flex  wd-flex-row wd-align-items-center wd-width-70\" style=\"max-width: 200px;\"><input type=\"text\"                           class=\"wd-width-100\"                           id=\"wdform_15_element27\"                           name=\"wdform_15_element27\"                           value=\"\"                           title=\"\"                           placeholder=\"\"                                                       \/><\/div><\/div><\/div><\/div><div class=\"wdform_column\"><div wdid=\"23\" class=\"wdform_row\" style=\"\"><div type=\"type_date_new\" class=\"wdform-field wd-width-100 wd-flex wd-flex-row\"><div class=\"wdform-label-section wd-width-30  wd-flex-row\" style=\"max-width: 150px;\">    <label  for=\"wdform_23_element27\" class=\"wdform-label\">Datum:<\/label><span class=\"wdform-required\">*<\/span><\/div><div class=\"wdform-element-section wd-flex  wd-flex-row wd-width-70\" style=\"max-width: 200px;\"><input class=\"wd-width-100\" autocomplete=\"off\" type=\"text\" id=\"wdform_23_element27\" name=\"wdform_23_element27\"   \/><span id=\"fm-calendar-23\" class=\"dashicons dashicons-calendar-alt wd-calendar-button wd-inline-block\"><\/span><input type=\"hidden\" format=\"dd\/mm\/yy\" id=\"wdform_23_button27\" value=\"\" \/><\/div><\/div><\/div><\/div><div class=\"wdform_column\"><div wdid=\"22\" class=\"wdform_row\" style=\"\"><div type=\"type_checkbox\" class=\"wdform-field wd-width-100 wd-flex wd-flex-row\"><div class=\"wdform-label-section wd-width-30  wd-flex-wrap wd-flex-column\" style=\"max-width: 150px;\">    <label  class=\"wdform-label\">Aktivit\u00e4ten:<\/label><span class=\"wdform-required\">*<\/span><\/div><div class=\"wdform-element-section wd-flex  wd-flex-wrap wd-flex-column wd-width-70\" ><div class=\"wd-flex wd-flex-column\"><input type=\"hidden\" name=\"wdform_22_element27\" value=\"\" \/><div class=\"checkbox-div wd-choice wd-flex wd-flex-row-reverse wd-justify-content\"><input type=\"checkbox\"  id=\"wdform_22_element270\" name=\"wdform_22_element270\" value=\"Galamus Canyon\"    \/><label class=\"wd-align-items-center wd-flex wd-flex-row-reverse wd-justify-content wd-width-100\" for=\"wdform_22_element270\"><span><\/span>Galamus Canyon<\/label><\/div><div class=\"checkbox-div wd-choice wd-flex wd-flex-row-reverse wd-justify-content\"><input type=\"checkbox\"  id=\"wdform_22_element271\" name=\"wdform_22_element271\" value=\"Termes Canyon\"    \/><label class=\"wd-align-items-center wd-flex wd-flex-row-reverse wd-justify-content wd-width-100\" for=\"wdform_22_element271\"><span><\/span>Termes Canyon<\/label><\/div><div class=\"checkbox-div wd-choice wd-flex wd-flex-row-reverse wd-justify-content\"><input type=\"checkbox\"  id=\"wdform_22_element272\" name=\"wdform_22_element272\" value=\"Rec Grand Canyon\"    \/><label class=\"wd-align-items-center wd-flex wd-flex-row-reverse wd-justify-content wd-width-100\" for=\"wdform_22_element272\"><span><\/span>Rec Grand Canyon<\/label><\/div><div class=\"checkbox-div wd-choice wd-flex wd-flex-row-reverse wd-justify-content\"><input type=\"checkbox\"  id=\"wdform_22_element273\" name=\"wdform_22_element273\" value=\"Vialais Canyon\"    \/><label class=\"wd-align-items-center wd-flex wd-flex-row-reverse wd-justify-content wd-width-100\" for=\"wdform_22_element273\"><span><\/span>Vialais Canyon<\/label><\/div><div class=\"checkbox-div wd-choice wd-flex wd-flex-row-reverse wd-justify-content\"><input type=\"checkbox\"  id=\"wdform_22_element274\" name=\"wdform_22_element274\" value=\"Anelles Canyon\"    \/><label class=\"wd-align-items-center wd-flex wd-flex-row-reverse wd-justify-content wd-width-100\" for=\"wdform_22_element274\"><span><\/span>Anelles Canyon<\/label><\/div><div class=\"checkbox-div wd-choice wd-flex wd-flex-row-reverse wd-justify-content\"><input type=\"checkbox\"  id=\"wdform_22_element275\" name=\"wdform_22_element275\" value=\"Llech Canyon\"    \/><label class=\"wd-align-items-center wd-flex wd-flex-row-reverse wd-justify-content wd-width-100\" for=\"wdform_22_element275\"><span><\/span>Llech Canyon<\/label><\/div><\/div><\/div><\/div><\/div><\/div><div class=\"wdform_column\"><div wdid=\"13\" class=\"wdform_row\" style=\"\"><div type=\"type_textarea\" class=\"wdform-field wd-width-100 wd-flex wd-flex-row\"><div class=\"wdform-label-section wd-width-30 \" style=\"max-width: 150px;\">    <label  for=\"wdform_13_element27\" class=\"wdform-label\">Nachricht:<\/label><span class=\"wdform-required\">*<\/span><\/div><div class=\"wdform-element-section wd-flex  wd-width-70\" style=\"max-width: 600px;\"><textarea class=\"wd-width-100\"                      id=\"wdform_13_element27\"                      name=\"wdform_13_element27\"                      placeholder=\"\"                      style=\"height: 100px;\"                      ><\/textarea><\/div><\/div><\/div><\/div><div class=\"wdform_column\"><div wdid=\"24\" class=\"wdform_row\"><div type=\"type_recaptcha\" class=\"wdform-field wd-width-100 wd-flex wd-flex-row\"><div class=\"wdform-label-section wd-width-30 wd-flex-row wd-hidden\">    <label  class=\"wdform-label\">reCAPTCHA<\/label><\/div><div class=\"wdform-element-section wd-flex wd-flex-row wd-width-100\" ><div id=\"recaptcha2724\" class=\"g-recaptcha\" data-sitekey=\"6LfINSUUAAAAAOenzsWb5EzUbbfFqq9tdyoiTOfZ\" data-form_id=\"27\" data-badge=\"bottomright\"><\/div><\/div><\/div><\/div><\/div><div class=\"wdform_column\"><div wdid=\"26\" class=\"wdform_row\"><div type=\"type_editor\" class=\"wdform-field\">Ich akzeptiere die Erhebung von <a href=\"https:\/\/www.eaurizon.eu\/politique-de-confidentialite\/\" target=\"_blank\">Daten und deren Verarbeitung gem\u00e4\u00df<\/a><a href=\"https:\/\/www.eaurizon\/mentions-legales\/\" target=\"_blank\"> der Datenschutzrichtlinie<\/a> dieser Website<\/div><\/div><\/div><div class=\"wdform_column\"><div wdid=\"25\" class=\"wdform_row\" style=\"position: relative; left: 0px; top: 0px;\"><div type=\"type_radio\" class=\"wdform-field wd-width-100 wd-flex wd-flex-row\"><div class=\"wdform-label-section wd-width-30  wd-flex-wrap wd-flex-column wd-hidden\">    <label  class=\"wdform-label\">J'accepte la collecte de donn\u00e9es et de leur traitement conform\u00e9ment au Mentions L\u00e9gales de ce site :<\/label><\/div><div class=\"wdform-element-section wd-flex  wd-flex-wrap wd-flex-column wd-width-100\" ><div class=\"wd-flex wd-flex-column\"><input type=\"hidden\" name=\"wdform_25_element27\" value=\"\" \/><div class=\"radio-div wd-choice wd-flex wd-flex-row\"><input type=\"radio\"  id=\"wdform_25_element270\" name=\"wdform_25_element27\" value=\"Ja\" onclick=\"set_default(&quot;wdform_25&quot;,&quot;0&quot;,&quot;27&quot;); \"   \/><label class=\"wd-align-items-center wd-flex wd-flex-row\" for=\"wdform_25_element270\"><span><\/span>Ja<\/label><\/div><\/div><\/div><\/div><\/div><\/div><div class=\"wdform_column\"><div wdid=\"18\" class=\"wdform_row\" style=\"position: relative; left: 0px; top: 0px;\"><div type=\"type_submit_reset\" class=\"wdform-field wd-width-100 wd-flex wd-flex-column\"><div class=\"wdform-element-section wd-flex  wd-flex-row wd-justify-content-left wd-width-100\" ><button  type=\"button\" class=\"button-submit\" onclick=\"fm_submit_form('27');\"  data-ajax=\"0\"><span class=\"fm-submit-loading spinner fm-ico-spinner\"><\/span>Abschicken<\/button><button  type=\"button\" class=\"button-reset wd-hidden\" onclick=\"fm_reset_form(27);\" >L\u00f6schen<\/button><\/div><\/div><\/div><\/div><\/div><div valign=\"top\" class=\"wdform_footer\" style=\"width: 100%;\"><div style=\"width: 100%;\"><div style=\"width: 100%; display: table;\"><div style=\"display: table-row-group;\"><div id=\"27page_nav1\" style=\"display: table-row;\"><\/div><\/div><\/div><\/div><\/div><\/div><\/div><div class=\"wdform_preload\"><\/div><\/form><\/div>[\/vc_column_text][vc_row_inner css=&#8220;.vc_custom_1497966253926{margin-top: 20px !important;}&#8220;][vc_column_inner][\/vc_column_inner][\/vc_row_inner][\/vc_column][vc_column width=&#8220;1\/3&#8243;][vc_column_text]<iframe loading=\"lazy\" style=\"border: 0;\" src=\"https:\/\/www.google.com\/maps\/embed?pb=!1m18!1m12!1m3!1d1453.6618453421806!2d2.62602555001604!3d43.22367264887524!2m3!1f0!2f0!3f0!3m2!1i1024!2i768!4f13.1!3m3!1m2!1s0x12b1ce07bb2badf5%3A0x98e9a76ba8efc43a!2sEaurizon!5e0!3m2!1sfr!2sfr!4v1497966630857\" width=\"400\" height=\"300\" frameborder=\"0\" allowfullscreen=\"allowfullscreen\"><\/iframe>[\/vc_column_text][vc_column_text]<\/p>\n<h3>EAURIZON<br \/>\nParc Carmen Peany<br \/>\n11700 Puich\u00e9ric &#8211; Frankreich<br \/>\nTEL.: +33 4 68 49 99 82<\/h3>\n<p>[\/vc_column_text][\/vc_column][\/vc_row]<\/p>\n<\/div>","protected":false},"excerpt":{"rendered":"<p>[vc_row][vc_column width=&#8220;2\/3&#8243;][vc_column_text][\/vc_column_text][vc_row_inner css=&#8220;.vc_custom_1497966253926{margin-top: 20px !important;}&#8220;][vc_column_inner][\/vc_column_inner][\/vc_row_inner][\/vc_column][vc_column width=&#8220;1\/3&#8243;][vc_column_text][\/vc_column_text][vc_column_text] EAURIZON Parc Carmen Peany 11700 Puich\u00e9ric &#8211; Frankreich TEL.: +33 4 68 49 99 82 [\/vc_column_text][\/vc_column][\/vc_row]<\/p>\n","protected":false},"author":1,"featured_media":0,"parent":0,"menu_order":0,"comment_status":"closed","ping_status":"closed","template":"","meta":{"_acf_changed":false,"site-sidebar-layout":"no-sidebar","site-content-layout":"plain-container","ast-site-content-layout":"default","site-content-style":"default","site-sidebar-style":"default","ast-global-header-display":"","ast-banner-title-visibility":"","ast-main-header-display":"","ast-hfb-above-header-display":"","ast-hfb-below-header-display":"","ast-hfb-mobile-header-display":"","site-post-title":"disabled","ast-breadcrumbs-content":"","ast-featured-img":"disabled","footer-sml-layout":"","ast-disable-related-posts":"","theme-transparent-header-meta":"default","adv-header-id-meta":"","stick-header-meta":"default","header-above-stick-meta":"","header-main-stick-meta":"","header-below-stick-meta":"","astra-migrate-meta-layouts":"default","ast-page-background-enabled":"default","ast-page-background-meta":{"desktop":{"background-color":"","background-image":"","background-repeat":"repeat","background-position":"center center","background-size":"auto","background-attachment":"scroll","background-type":"","background-media":"","overlay-type":"","overlay-color":"","overlay-opacity":"","overlay-gradient":""},"tablet":{"background-color":"","background-image":"","background-repeat":"repeat","background-position":"center center","background-size":"auto","background-attachment":"scroll","background-type":"","background-media":"","overlay-type":"","overlay-color":"","overlay-opacity":"","overlay-gradient":""},"mobile":{"background-color":"","background-image":"","background-repeat":"repeat","background-position":"center center","background-size":"auto","background-attachment":"scroll","background-type":"","background-media":"","overlay-type":"","overlay-color":"","overlay-opacity":"","overlay-gradient":""}},"ast-content-background-meta":{"desktop":{"background-color":"var(--ast-global-color-5)","background-image":"","background-repeat":"repeat","background-position":"center center","background-size":"auto","background-attachment":"scroll","background-type":"","background-media":"","overlay-type":"","overlay-color":"","overlay-opacity":"","overlay-gradient":""},"tablet":{"background-color":"var(--ast-global-color-5)","background-image":"","background-repeat":"repeat","background-position":"center center","background-size":"auto","background-attachment":"scroll","background-type":"","background-media":"","overlay-type":"","overlay-color":"","overlay-opacity":"","overlay-gradient":""},"mobile":{"background-color":"var(--ast-global-color-5)","background-image":"","background-repeat":"repeat","background-position":"center center","background-size":"auto","background-attachment":"scroll","background-type":"","background-media":"","overlay-type":"","overlay-color":"","overlay-opacity":"","overlay-gradient":""}},"footnotes":""},"class_list":["post-3864","page","type-page","status-publish","hentry"],"acf":[],"_links":{"self":[{"href":"https:\/\/www.eaurizon.eu\/de\/wp-json\/wp\/v2\/pages\/3864","targetHints":{"allow":["GET"]}}],"collection":[{"href":"https:\/\/www.eaurizon.eu\/de\/wp-json\/wp\/v2\/pages"}],"about":[{"href":"https:\/\/www.eaurizon.eu\/de\/wp-json\/wp\/v2\/types\/page"}],"author":[{"embeddable":true,"href":"https:\/\/www.eaurizon.eu\/de\/wp-json\/wp\/v2\/users\/1"}],"replies":[{"embeddable":true,"href":"https:\/\/www.eaurizon.eu\/de\/wp-json\/wp\/v2\/comments?post=3864"}],"version-history":[{"count":3,"href":"https:\/\/www.eaurizon.eu\/de\/wp-json\/wp\/v2\/pages\/3864\/revisions"}],"predecessor-version":[{"id":3875,"href":"https:\/\/www.eaurizon.eu\/de\/wp-json\/wp\/v2\/pages\/3864\/revisions\/3875"}],"wp:attachment":[{"href":"https:\/\/www.eaurizon.eu\/de\/wp-json\/wp\/v2\/media?parent=3864"}],"curies":[{"name":"wp","href":"https:\/\/api.w.org\/{rel}","templated":true}]}}