{"id":3953,"date":"2022-07-01T12:35:24","date_gmt":"2022-07-01T11:35:24","guid":{"rendered":"https:\/\/www.eaurizon.eu\/impressum\/"},"modified":"2022-07-01T12:36:16","modified_gmt":"2022-07-01T11:36:16","slug":"impressum","status":"publish","type":"page","link":"https:\/\/www.eaurizon.eu\/de\/impressum\/","title":{"rendered":"Impressum"},"content":{"rendered":"<div class=\"wpb-content-wrapper\"><p>[vc_row css=&#8220;.vc_custom_1581273748563{margin-top: 20px !important;}&#8220;][vc_column][vc_column_text]<\/p>\n<h1 style=\"text-align: center;\">IMPRESSUM<\/h1>\n<p style=\"text-align: justify;\">\nGem\u00e4\u00df den Bestimmungen der Artikel 6-III und 19 des Gesetzes Nr. 2004-575 vom 21. Juni 2004 \u00fcber das Vertrauen in die digitale Wirtschaft (Loi pour la Confiance dans l\u2019\u00e9conomie num\u00e9rique), bekannt als LCEN, machen wir die Benutzer und Besucher der Website: <a href=\"http:\/\/www.eaurizon.eu\" target=\"_blank\" rel=\"noopener noreferrer\">www.eaurizon.eu<\/a> auf die folgenden Informationen aufmerksam:<\/p>\n<p style=\"text-align: justify;\"><strong>1. Rechtliche Hinweise:<\/strong><\/p>\n<p style=\"text-align: justify;\">Eigent\u00fcmerstatus: <strong>Unternehmen<\/strong><\/p>\n<p>Eigent\u00fcmer und Ersteller der Seite und verantwortlich f\u00fcr die Ver\u00f6ffentlichung ist: <strong>Didier Astre<\/strong><br \/>\nHandelsname ist: <strong>Eaurizon<\/strong><br \/>\nAdresse des Hauptsitzes: 5 rue Armand Barb\u00e8s 11700 Puich\u00e9ric<br \/>\nAdresse des Lagers und der Empfangsstruktur: Parc Carmen Peany \u2013 47 bis, Route du Minervois \u2013 11700 Puich\u00e9ric<br \/>\nKontaktieren Sie den Publikationsmanager unter: <strong>contact@eurizon.eu<\/strong> \u2013 Tel: +33 (0)4 68 49 99 82<br \/>\nDer Publikationsleiter ist eine <strong>juristische Person<\/strong><br \/>\nSiret-Nummer: <strong>487 862 971 00016<\/strong><br \/>\nEintragung im Handels- und Firmenregister: <strong>487 862 917 RCS Carcassonne<\/strong><br \/>\nDer Website-Host ist: <strong>o2switch 222 Boulevard Gustave Flaubert 63000 Clermont-Ferrand \u2013 Tel +33 (0)<span class=\"LrzXr zdqRlf kno-fv\"><span data-dtype=\"d3ifr\" data-local-attribute=\"d3ph\">4 44 44 60 40<\/span><\/span><br \/>\n<\/strong><\/p>\n<p style=\"text-align: justify;\"><strong>2. Darstellung und Prinzip:<\/strong><\/p>\n<p style=\"text-align: justify;\">Wird im Folgenden bezeichnet: <strong>Benutzer,<\/strong> jeder Internetbenutzer, der die oben genannten Websites <a href=\"http:\/\/www.eaurizon.eu\" target=\"_blank\" rel=\"noopener noreferrer\">www.eaurizon.eu<\/a> besucht und nutzt. Diese Website vereint eine Reihe von Diensten, die den Benutzern zur Verf\u00fcgung gestellt werden. Hier wird festgelegt, dass sie sowohl gegen\u00fcber anderen Benutzern als auch gegen\u00fcber dem Site-Manager h\u00f6flich und Ehrlich bleiben m\u00fcssen. Die Seiten werden regelm\u00e4\u00dfig vom Eigent\u00fcmer aktualisiert. Der Eigent\u00fcmer ist bestrebt, m\u00f6glichst genaue Informationen auf den Websites bereitzustellen (vorbehaltlich \u00c4nderungen, die seit der Ver\u00f6ffentlichung vorgenommen wurden), kann jedoch die Genauigkeit, Vollst\u00e4ndigkeit und Aktualit\u00e4t der auf seiner Website ver\u00f6ffentlichten Informationen weder von ihm selbst noch von Dritten Partner, die ihm diese Informationen zur Verf\u00fcgung stellen garantieren. Folglich erkennt der Benutzer an, diese bereitgestellten Informationen (nur zu Informationszwecken, nicht ersch\u00f6pfend und \u00c4nderungen vorbehalten) unter seiner ausschlie\u00dflichen Verantwortung zu verwenden.<\/p>\n<p style=\"text-align: justify;\"><strong>3. Erreichbarkeit:<\/strong><\/p>\n<p>Die Websites sind im Prinzip 24 Stunden am Tag, 7 Tage die Woche f\u00fcr die Benutzer zug\u00e4nglich, au\u00dfer bei Unterbrechungen, ob geplant oder nicht, zu Wartungszwecken oder im Falle h\u00f6herer Gewalt. Im Falle der Unm\u00f6glichkeit des Zugriffs auf den Dienst verpflichtet sich der Eigent\u00fcmer der Websites, sein M\u00f6glichstes zu tun, um den Zugriff auf den Dienst wiederherzustellen, und bem\u00fcht sich dann, den Benutzern im Voraus die Daten und Zeiten des Eingriffs mitzuteilen. Da der Eigent\u00fcmer nur einer Mittelpflicht unterliegt, kann er nicht f\u00fcr Sch\u00e4den gleich welcher Art haftbar gemacht<\/p>\n<p style=\"text-align: justify;\"><strong>4. Geistiges Eigentum:<\/strong><\/p>\n<p style=\"text-align: justify;\">Didier Astre von Eaurizon ist der ausschlie\u00dfliche Eigent\u00fcmer aller geistigen Eigentumsrechte oder besitzt die Nutzungsrechte an allen auf der Website zug\u00e4nglichen Elementen, sowohl an der Struktur als auch an den Texten, Bildern, Grafiken, Logos, Symbolen, T\u00f6nen, Software \u2026<\/p>\n<p>Jegliche vollst\u00e4ndige oder teilweise Vervielf\u00e4ltigung der Websites, Darstellung, \u00c4nderung, Ver\u00f6ffentlichung, vollst\u00e4ndige oder teilweise Anpassung eines dieser Elemente, unabh\u00e4ngig von den verwendeten Mitteln oder dem verwendeten Verfahren, ist ohne vorherige schriftliche Genehmigung des Eigent\u00fcmers der Website untersagt. Email: <strong>contact@eaurizon.eu<\/strong>. Andernfalls wird dies als Versto\u00df angesehen und strafrechtlich verfolgt gem\u00e4\u00df den Bestimmungen der Artikel L.335-2 und folgende des Gesetzes \u00fcber geistiges Eigentum.<\/p>\n<p style=\"text-align: justify;\"><strong>5. Hypertext-Links und Cookies:<\/strong><\/p>\n<p>Die Sites enthalten eine bestimmte Anzahl von Hypertext-Links zu anderen Sites (Partner, Informationen usw.), die mit Genehmigung des Eigent\u00fcmers eingerichtet wurden. Er hat jedoch nicht die M\u00f6glichkeit, den gesamten Inhalt der so besuchten Websites zu \u00fcberpr\u00fcfen, und lehnt daher jede Verantwortung f\u00fcr m\u00f6glichen Risiken illegaler Inhalte ab.<\/p>\n<p>Der Benutzer wird dar\u00fcber informiert, dass w\u00e4hrend seiner Besuche auf diesen Seiten \u00fcber seine Browsersoftware automatisch ein oder mehrere Cookies auf seinem Computer installiert werden k\u00f6nnen. Ein Cookie ist ein Datenblock, der den Benutzer nicht identifiziert, aber Informationen \u00fcber sein Surfen auf der Website aufzeichnet.<\/p>\n<p>Die Konfiguration der Navigationssoftware erm\u00f6glicht es, \u00fcber das Vorhandensein von Cookies zu informieren und diese m\u00f6glicherweise auf die unter der folgenden Adresse beschriebene Weise abzulehnen: <a href=\"http:\/\/www.cnil.fr\">www.cnil.fr<\/a>. Der Benutzer kann jedoch den Browser seines Computers so konfigurieren, dass er die Installation von Cookies ablehnt, im Wissen, dass die Ablehnung der Installation eines Cookies den Zugriff auf bestimmte Dienste unm\u00f6glich machen kann. Geben Sie zum Blockieren von Cookies in Ihrer Suchmaschine Folgendes ein: Blockieren von Cookies unter IE oder Firefox und folgen Sie den Anweisungen entsprechend Ihrer Version.<\/p>\n<p style=\"text-align: justify;\"><strong>6. Schutz von Eigentum und Personen \u2013 Verwaltung personenbezogener Daten:<\/strong><\/p>\n<p>In Frankreich sind personenbezogene Daten insbesondere durch das Gesetz Nr. 78-87 vom 6. Januar 1978, das Gesetz Nr. 2004-801 vom 6. August 2004, Artikel L. 226-13 des Strafgesetzbuchs und die Europ\u00e4ische Richtlinie vom 24. Oktober 1995 gesch\u00fctzt.<\/p>\n<p style=\"text-align: justify;\">Auf diesen Seiten sammelt der Eigent\u00fcmer nur personenbezogene Daten (gem\u00e4\u00df Artikel 4 Gesetz Nr. 78-17 vom 6. Januar 1978) in Bezug auf den Benutzer nur f\u00fcr die Notwendigkeit bestimmter angebotener Dienste. Der Nutzer stellt diese Informationen in voller Kenntnis der Sachlage zur Verf\u00fcgung, insbesondere wenn er sie selbst eingibt. Es wird dann dem Benutzer der Website die Verpflichtung angegeben, diese Informationen bereitzustellen oder nicht.<\/p>\n<p>Gem\u00e4\u00df den Bestimmungen der Artikel 38 und folgende des Gesetzes 78-17 vom 6. Januar 1978 \u00fcber die Datenverarbeitung, Dateien und Freiheiten hat jeder Benutzer ein Recht auf Zugang, Berichtigung, L\u00f6schung und Widerspruch zu ihn betreffenden personenbezogenen Daten. Um es auszu\u00fcben, senden Sie Ihre Anfrage per E-Mail an: <strong>contact@eaurizon.eu<\/strong> oder schriftlich mit ordnungsgem\u00e4\u00dfer Unterschrift, zusammen mit einer Kopie des Ausweisdokuments mit Unterschrift des Inhabers des Dokuments und Angabe der Adresse, an die die Antwort gesendet werden muss.<\/p>\n<p style=\"text-align: justify;\">Keine pers\u00f6nlichen Informationen des Benutzers der Seiten werden ohne Wissen des Benutzers ver\u00f6ffentlicht, ausgetauscht, \u00fcbertragen, abgetreten oder auf irgendeinem Medium an Dritte verkauft. Nur die Hypothese der Einl\u00f6sung der Website <strong>www.eaurizon.eu<\/strong> und ihrer Rechte berechtigt den Eigent\u00fcmer, die genannten Informationen an den potenziellen K\u00e4ufer zu \u00fcbermitteln, der seinerseits an die gleiche Verpflichtung zur Speicherung und \u00c4nderung der Daten gegen\u00fcber dem Benutzer der Seiten haben w\u00fcrde. Die Datenbanken sind durch die Bestimmungen des Gesetzes vom 1. Juli 1998 zur Umsetzung der Richtlinie 96\/9 vom 11. M\u00e4rz 1996 \u00fcber den rechtlichen Schutz von Datenbanken gesch\u00fctzt.<\/p>\n<p>[\/vc_column_text][\/vc_column][\/vc_row]<\/p>\n<\/div>","protected":false},"excerpt":{"rendered":"<p>[vc_row css=&#8220;.vc_custom_1581273748563{margin-top: 20px !important;}&#8220;][vc_column][vc_column_text] IMPRESSUM Gem\u00e4\u00df den Bestimmungen der Artikel 6-III und 19 des Gesetzes Nr. 2004-575 vom 21. Juni 2004 \u00fcber das Vertrauen in die digitale Wirtschaft (Loi pour la Confiance dans l\u2019\u00e9conomie num\u00e9rique), bekannt als LCEN, machen wir die Benutzer und Besucher der Website: www.eaurizon.eu auf die folgenden Informationen aufmerksam: 1. Rechtliche Hinweise: [&hellip;]<\/p>\n","protected":false},"author":1,"featured_media":0,"parent":0,"menu_order":0,"comment_status":"closed","ping_status":"closed","template":"","meta":{"_acf_changed":false,"site-sidebar-layout":"no-sidebar","site-content-layout":"plain-container","ast-site-content-layout":"default","site-content-style":"default","site-sidebar-style":"default","ast-global-header-display":"","ast-banner-title-visibility":"","ast-main-header-display":"","ast-hfb-above-header-display":"","ast-hfb-below-header-display":"","ast-hfb-mobile-header-display":"","site-post-title":"disabled","ast-breadcrumbs-content":"","ast-featured-img":"disabled","footer-sml-layout":"","ast-disable-related-posts":"","theme-transparent-header-meta":"default","adv-header-id-meta":"","stick-header-meta":"default","header-above-stick-meta":"","header-main-stick-meta":"","header-below-stick-meta":"","astra-migrate-meta-layouts":"default","ast-page-background-enabled":"default","ast-page-background-meta":{"desktop":{"background-color":"","background-image":"","background-repeat":"repeat","background-position":"center center","background-size":"auto","background-attachment":"scroll","background-type":"","background-media":"","overlay-type":"","overlay-color":"","overlay-opacity":"","overlay-gradient":""},"tablet":{"background-color":"","background-image":"","background-repeat":"repeat","background-position":"center center","background-size":"auto","background-attachment":"scroll","background-type":"","background-media":"","overlay-type":"","overlay-color":"","overlay-opacity":"","overlay-gradient":""},"mobile":{"background-color":"","background-image":"","background-repeat":"repeat","background-position":"center center","background-size":"auto","background-attachment":"scroll","background-type":"","background-media":"","overlay-type":"","overlay-color":"","overlay-opacity":"","overlay-gradient":""}},"ast-content-background-meta":{"desktop":{"background-color":"var(--ast-global-color-5)","background-image":"","background-repeat":"repeat","background-position":"center center","background-size":"auto","background-attachment":"scroll","background-type":"","background-media":"","overlay-type":"","overlay-color":"","overlay-opacity":"","overlay-gradient":""},"tablet":{"background-color":"var(--ast-global-color-5)","background-image":"","background-repeat":"repeat","background-position":"center center","background-size":"auto","background-attachment":"scroll","background-type":"","background-media":"","overlay-type":"","overlay-color":"","overlay-opacity":"","overlay-gradient":""},"mobile":{"background-color":"var(--ast-global-color-5)","background-image":"","background-repeat":"repeat","background-position":"center center","background-size":"auto","background-attachment":"scroll","background-type":"","background-media":"","overlay-type":"","overlay-color":"","overlay-opacity":"","overlay-gradient":""}},"footnotes":""},"class_list":["post-3953","page","type-page","status-publish","hentry"],"acf":[],"_links":{"self":[{"href":"https:\/\/www.eaurizon.eu\/de\/wp-json\/wp\/v2\/pages\/3953","targetHints":{"allow":["GET"]}}],"collection":[{"href":"https:\/\/www.eaurizon.eu\/de\/wp-json\/wp\/v2\/pages"}],"about":[{"href":"https:\/\/www.eaurizon.eu\/de\/wp-json\/wp\/v2\/types\/page"}],"author":[{"embeddable":true,"href":"https:\/\/www.eaurizon.eu\/de\/wp-json\/wp\/v2\/users\/1"}],"replies":[{"embeddable":true,"href":"https:\/\/www.eaurizon.eu\/de\/wp-json\/wp\/v2\/comments?post=3953"}],"version-history":[{"count":3,"href":"https:\/\/www.eaurizon.eu\/de\/wp-json\/wp\/v2\/pages\/3953\/revisions"}],"predecessor-version":[{"id":3958,"href":"https:\/\/www.eaurizon.eu\/de\/wp-json\/wp\/v2\/pages\/3953\/revisions\/3958"}],"wp:attachment":[{"href":"https:\/\/www.eaurizon.eu\/de\/wp-json\/wp\/v2\/media?parent=3953"}],"curies":[{"name":"wp","href":"https:\/\/api.w.org\/{rel}","templated":true}]}}