{"id":4195,"date":"2022-07-02T12:34:01","date_gmt":"2022-07-02T11:34:01","guid":{"rendered":"https:\/\/www.eaurizon.eu\/wildwassersport-aude-okzitanien\/stehpaddel-auf-der-aude-in-okzitanien-kurs\/"},"modified":"2022-12-29T16:36:39","modified_gmt":"2022-12-29T15:36:39","slug":"stehpaddel-auf-der-aude-in-okzitanien-kurs","status":"publish","type":"page","link":"https:\/\/www.eaurizon.eu\/de\/wildwassersport-aude-okzitanien\/stehpaddel-auf-der-aude-in-okzitanien-kurs\/","title":{"rendered":"Stehpaddel auf der Aude in Okzitanien (Kurs)"},"content":{"rendered":"<div class=\"wpb-content-wrapper\"><p>[vc_row full_width=&#8220;stretch_row_content_no_spaces&#8220; css=&#8220;.vc_custom_1572302077590{background-color: #1e73be !important;}&#8220;][vc_column][vc_column_text]<\/p>\n<script type=\"text\/javascript\">jQuery(function() { _initLayerSlider( '#layerslider_7_kzjtin7kg7hy', {sliderVersion: '6.8.3', responsiveUnder: 1200, layersContainer: 0, allowFullscreen: true, hideOnMobile: true, hideUnder: 0, hideOver: 100000, pauseOnHover: 'enabled', skin: 'v5', sliderFadeInDuration: 350, globalBGSize: 'cover', useSrcset: true, skinsPath: 'https:\/\/www.eaurizon.eu\/wp-content\/plugins\/LayerSlider\/assets\/static\/layerslider\/skins\/', performanceMode: true}); });<\/script><div id=\"layerslider_7_kzjtin7kg7hy\"  class=\"ls-wp-container fitvidsignore ls-selectable\" style=\"width:1200px;height:600px;margin:0 auto;margin-bottom: 0px;\"><div class=\"ls-slide\" data-ls=\"bgsize:cover;bgposition:0% 0%;duration:4000;\"><img loading=\"lazy\" decoding=\"async\" width=\"1363\" height=\"676\" src=\"https:\/\/www.eaurizon.eu\/wp-content\/uploads\/2017\/06\/stand-up-paddle-aude-1s.jpg\" class=\"ls-bg\" alt=\"Stand up paddle sur l&#039;Aude - Eaurizon\" srcset=\"https:\/\/www.eaurizon.eu\/wp-content\/uploads\/2017\/06\/stand-up-paddle-aude-1s.jpg 1363w, https:\/\/www.eaurizon.eu\/wp-content\/uploads\/2017\/06\/stand-up-paddle-aude-1s-600x298.jpg 600w, https:\/\/www.eaurizon.eu\/wp-content\/uploads\/2017\/06\/stand-up-paddle-aude-1s-300x149.jpg 300w, https:\/\/www.eaurizon.eu\/wp-content\/uploads\/2017\/06\/stand-up-paddle-aude-1s-768x381.jpg 768w, https:\/\/www.eaurizon.eu\/wp-content\/uploads\/2017\/06\/stand-up-paddle-aude-1s-1024x508.jpg 1024w\" sizes=\"auto, (max-width: 1363px) 100vw, 1363px\" \/><p style=\"font-size:60px;color:#000000;top:183px;left:13px;\" class=\"ls-l ls-hide-tablet ls-hide-phone ls-text-layer\" data-ls=\"offsetxin:80;offsetxout:-80;durationout:400;parallaxlevel:0;\"><b>STAND UP PADDLE SUR L'AUDE<\/b><\/p><p style=\"font-size:60px;color:#ffffff;top:180px;left:10px;\" class=\"ls-l ls-hide-tablet ls-hide-phone ls-text-layer\" data-ls=\"offsetxin:80;offsetxout:-80;durationout:400;parallaxlevel:0;\"><b>STAND UP PADDLE SUR L'AUDE<\/b><\/p><p style=\"font-size:40px;color:#000000;top:282px;left:12px;\" class=\"ls-l ls-hide-tablet ls-hide-phone ls-text-layer\" data-ls=\"offsetxin:80;offsetxout:-80;durationout:400;parallaxlevel:0;\"><b>EN FAMILLE, ENTRE AMIS OU INDIVIDUELLEMENT<\/b><\/p><p style=\"font-size:40px;color:#ffae00;top:280px;left:10px;\" class=\"ls-l ls-hide-tablet ls-hide-phone ls-text-layer\" data-ls=\"offsetxin:80;offsetxout:-80;durationout:400;parallaxlevel:0;\"><b>EN FAMILLE, ENTRE AMIS OU INDIVIDUELLEMENT<\/b><\/p><\/div><div class=\"ls-slide\" data-ls=\"bgsize:cover;bgposition:0% 0%;duration:4000;\"><img loading=\"lazy\" decoding=\"async\" width=\"1363\" height=\"676\" src=\"https:\/\/www.eaurizon.eu\/wp-content\/uploads\/2017\/06\/stand-up-paddle-aude-eaurizon-01.jpg\" class=\"ls-bg\" alt=\"Stand up Paddle - Puicheric - Aude - Eaurizon\" srcset=\"https:\/\/www.eaurizon.eu\/wp-content\/uploads\/2017\/06\/stand-up-paddle-aude-eaurizon-01.jpg 1363w, https:\/\/www.eaurizon.eu\/wp-content\/uploads\/2017\/06\/stand-up-paddle-aude-eaurizon-01-600x298.jpg 600w, https:\/\/www.eaurizon.eu\/wp-content\/uploads\/2017\/06\/stand-up-paddle-aude-eaurizon-01-730x362.jpg 730w, https:\/\/www.eaurizon.eu\/wp-content\/uploads\/2017\/06\/stand-up-paddle-aude-eaurizon-01-768x381.jpg 768w, https:\/\/www.eaurizon.eu\/wp-content\/uploads\/2017\/06\/stand-up-paddle-aude-eaurizon-01-1024x508.jpg 1024w\" sizes=\"auto, (max-width: 1363px) 100vw, 1363px\" \/><p style=\"font-size:60px;color:#000000;top:183px;left:13px;\" class=\"ls-l ls-hide-tablet ls-hide-phone ls-text-layer\" data-ls=\"offsetxin:80;offsetxout:-80;durationout:400;parallaxlevel:0;\"><b>STAND UP PADDLE SUR L'AUDE<\/b><\/p><p style=\"font-size:60px;color:#ffffff;top:180px;left:10px;\" class=\"ls-l ls-hide-tablet ls-hide-phone ls-text-layer\" data-ls=\"offsetxin:80;offsetxout:-80;durationout:400;parallaxlevel:0;\"><b>STAND UP PADDLE SUR L'AUDE<\/b><\/p><p style=\"font-size:40px;color:#000000;top:282px;left:12px;\" class=\"ls-l ls-hide-tablet ls-hide-phone ls-text-layer\" data-ls=\"offsetxin:80;offsetxout:-80;durationout:400;parallaxlevel:0;\"><b>APPRENTISSAGE TECHNIQUES DE NAVIGATION<\/b><\/p><p style=\"font-size:40px;color:#ffae00;top:280px;left:10px;\" class=\"ls-l ls-hide-tablet ls-hide-phone ls-text-layer\" data-ls=\"offsetxin:80;offsetxout:-80;durationout:400;parallaxlevel:0;\"><b>APPRENTISSAGE TECHNIQUES DE NAVIGATION<\/b><\/p><\/div><div class=\"ls-slide\" data-ls=\"bgsize:cover;bgposition:0% 0%;duration:4000;\"><img loading=\"lazy\" decoding=\"async\" width=\"1363\" height=\"676\" src=\"https:\/\/www.eaurizon.eu\/wp-content\/uploads\/2017\/06\/stand-up-paddle-aude-eaurizon-02.jpg\" class=\"ls-bg\" alt=\"Stand up Paddle - Puicheric - Aude - Eaurizon\" srcset=\"https:\/\/www.eaurizon.eu\/wp-content\/uploads\/2017\/06\/stand-up-paddle-aude-eaurizon-02.jpg 1363w, https:\/\/www.eaurizon.eu\/wp-content\/uploads\/2017\/06\/stand-up-paddle-aude-eaurizon-02-600x298.jpg 600w, https:\/\/www.eaurizon.eu\/wp-content\/uploads\/2017\/06\/stand-up-paddle-aude-eaurizon-02-730x362.jpg 730w, https:\/\/www.eaurizon.eu\/wp-content\/uploads\/2017\/06\/stand-up-paddle-aude-eaurizon-02-768x381.jpg 768w, https:\/\/www.eaurizon.eu\/wp-content\/uploads\/2017\/06\/stand-up-paddle-aude-eaurizon-02-1024x508.jpg 1024w\" sizes=\"auto, (max-width: 1363px) 100vw, 1363px\" \/><p style=\"font-size:60px;color:#000000;top:183px;left:13px;\" class=\"ls-l ls-hide-tablet ls-hide-phone ls-text-layer\" data-ls=\"offsetxin:80;offsetxout:-80;durationout:400;parallaxlevel:0;\"><b>STAND UP PADDLE SUR L'AUDE<\/b><\/p><p style=\"font-size:60px;color:#ffffff;top:180px;left:10px;\" class=\"ls-l ls-hide-tablet ls-hide-phone ls-text-layer\" data-ls=\"offsetxin:80;offsetxout:-80;durationout:400;parallaxlevel:0;\"><b>STAND UP PADDLE SUR L'AUDE<\/b><\/p><p style=\"font-size:40px;color:#000000;top:282px;left:12px;\" class=\"ls-l ls-hide-tablet ls-hide-phone ls-text-layer\" data-ls=\"offsetxin:80;offsetxout:-80;durationout:400;parallaxlevel:0;\"><b>MAITRISE DE L'EMBARCATION...<\/b><\/p><p style=\"font-size:40px;color:#ffae00;top:280px;left:10px;\" class=\"ls-l ls-hide-tablet ls-hide-phone ls-text-layer\" data-ls=\"offsetxin:80;offsetxout:-80;durationout:400;parallaxlevel:0;\"><b>MAITRISE DE L'EMBARCATION...<\/b><\/p><\/div><div class=\"ls-slide\" data-ls=\"bgsize:cover;bgposition:0% 0%;duration:4000;\"><img loading=\"lazy\" decoding=\"async\" width=\"1363\" height=\"676\" src=\"https:\/\/www.eaurizon.eu\/wp-content\/uploads\/2017\/06\/stand-up-paddle-aude-eaurizon-04.jpg\" class=\"ls-bg\" alt=\"\" srcset=\"https:\/\/www.eaurizon.eu\/wp-content\/uploads\/2017\/06\/stand-up-paddle-aude-eaurizon-04.jpg 1363w, https:\/\/www.eaurizon.eu\/wp-content\/uploads\/2017\/06\/stand-up-paddle-aude-eaurizon-04-600x298.jpg 600w, https:\/\/www.eaurizon.eu\/wp-content\/uploads\/2017\/06\/stand-up-paddle-aude-eaurizon-04-730x362.jpg 730w, https:\/\/www.eaurizon.eu\/wp-content\/uploads\/2017\/06\/stand-up-paddle-aude-eaurizon-04-768x381.jpg 768w, https:\/\/www.eaurizon.eu\/wp-content\/uploads\/2017\/06\/stand-up-paddle-aude-eaurizon-04-1024x508.jpg 1024w\" sizes=\"auto, (max-width: 1363px) 100vw, 1363px\" \/><p style=\"font-size:60px;color:#000000;top:183px;left:13px;\" class=\"ls-l ls-hide-tablet ls-hide-phone ls-text-layer\" data-ls=\"offsetxin:80;offsetxout:-80;durationout:400;parallaxlevel:0;\"><b>STAND UP PADDLE SUR L'AUDE<\/b><\/p><p style=\"font-size:60px;color:#ffffff;top:180px;left:10px;\" class=\"ls-l ls-hide-tablet ls-hide-phone ls-text-layer\" data-ls=\"offsetxin:80;offsetxout:-80;durationout:400;parallaxlevel:0;\"><b>STAND UP PADDLE SUR L'AUDE<\/b><\/p><p style=\"font-size:40px;color:#000000;top:282px;left:12px;\" class=\"ls-l ls-hide-tablet ls-hide-phone ls-text-layer\" data-ls=\"offsetxin:80;offsetxout:-80;durationout:400;parallaxlevel:0;\"><b>JUSQU\u2019\u00c0 L\u2019\u00c9QUILIBRE TOTAL...<\/b><\/p><p style=\"font-size:40px;color:#ffae00;top:280px;left:10px;\" class=\"ls-l ls-hide-tablet ls-hide-phone ls-text-layer\" data-ls=\"offsetxin:80;offsetxout:-80;durationout:400;parallaxlevel:0;\"><b>JUSQU\u2019\u00c0 L\u2019\u00c9QUILIBRE TOTAL...<\/b><\/p><\/div><\/div>\n<p>[\/vc_column_text][\/vc_column][\/vc_row][vc_row full_width=&#8220;stretch_row_content_no_spaces&#8220; css=&#8220;.vc_custom_1572302319788{background-color: #1e73be !important;}&#8220; el_class=&#8220;white&#8220;][vc_column width=&#8220;2\/3&#8243;][vc_column_text css=&#8220;.vc_custom_1572302086153{margin-left: 25px !important;}&#8220;]STEHPADDEL IN DER REGION AUDE IM KATHARERLAND[\/vc_column_text][\/vc_column][vc_column width=&#8220;1\/3&#8243;][vc_column_text]Tel.: +33 468 499 982[\/vc_column_text][\/vc_column][\/vc_row][vc_row full_width=&#8220;stretch_row_content&#8220;][vc_column][vc_column_text]<\/p>\n<h1>Stehpaddel auf der Aude in Okzitanien (Kurs)<\/h1>\n<p>[\/vc_column_text][\/vc_column][\/vc_row][vc_row full_width=&#8220;stretch_row_content&#8220; css=&#8220;.vc_custom_1580984733011{padding-top: 10px !important;padding-right: 10px !important;padding-bottom: 10px !important;padding-left: 10px !important;}&#8220;][vc_column width=&#8220;1\/2&#8243;][vc_column_text]<\/p>\n<h2>Mit dem Kurs Angebot haben Sie die M\u00f6glichkeit das Stehpaddel auf einer 3 oder 6km langen Strecke unter der Aufsicht eines staatlich gepr\u00fcften Lehrers zu entdecken.<\/h2>\n<p>Beim Stehpaddeln geht es darum sich auf einem Brett aufrechtzuerhalten und mit einem Ruder fortzubewegen.<br \/>\nJe nach Ihrem Niveau bieten wir Ihnen verschiedene Strecken an:<\/p>\n<ul>\n<li>Wir leiten Sie in aller Sicherheit und stellen Ihnen dabei die Region vor<\/li>\n<li>Wir bringen Ihnen die Grundtechniken zum Steuern, Gleichgewicht halten und Rudern bei und<\/li>\n<li>je nach Motivation und Zeit passen wir unser Einf\u00fchrungs-Programm Ihrer Gruppe an.<\/li>\n<\/ul>\n<p><u><b>Ausbildungszentrum:<\/b><\/u><br \/>\nWir bilden das ganze Jahr \u00fcber Leute f\u00fcr die staatliche Pr\u00fcfung f\u00fcr Lehrer aus. Nutzen Sie unsere Erfahrung und Material in einem gem\u00fctlichen Rahmen.<br \/>\nWir sind Mitglied sowohl bei der F\u00e9d\u00e9ration Fran\u00e7aise Cano\u00eb kayak als auch bei der \u00c9cole Cano\u00eb kayak Fran\u00e7aise.<\/p>\n<p><u><b>Boot:<\/b><\/u><\/p>\n<ul>\n<li>Aufblasbares Fluss Stehpaddel<\/li>\n<\/ul>\n<p>[\/vc_column_text][\/vc_column][vc_column width=&#8220;1\/2&#8243;][vc_gallery type=&#8220;nivo&#8220; interval=&#8220;3&#8243; images=&#8220;4198&#8243; img_size=&#8220;full&#8220;][\/vc_column][\/vc_row][vc_row 0=&#8220;&#8220; equal_height=&#8220;yes&#8220; el_class=&#8220;textwhite&#8220; css=&#8220;.vc_custom_1580984741013{padding-top: 10px !important;padding-right: 10px !important;padding-bottom: 10px !important;padding-left: 10px !important;}&#8220;][vc_column width=&#8220;1\/2&#8243; css=&#8220;.vc_custom_1572302163375{background-color: #1e73be !important;}&#8220;][vc_gallery type=&#8220;nivo&#8220; interval=&#8220;3&#8243; images=&#8220;4160&#8243; img_size=&#8220;full&#8220;][\/vc_column][vc_column width=&#8220;1\/2&#8243; css=&#8220;.vc_custom_1572302172670{background-color: #1e73be !important;}&#8220;][vc_column_text 0=&#8220;&#8220;]<\/p>\n<h3>STEHPADDEL EINF\u00dcHRUNG<\/h3>\n<p>Haben Sie Spa\u00df bei einer 2Std30 (halbt\u00e4gigen) oder 5Std (ganzt\u00e4gigen) Einf\u00fchrung und lernen Sie die Grundtechniken dieser Aktivit\u00e4t auf unserem Fluss kennen.<br \/>\nWir bieten Ihnen zuerst eine Einf\u00fchrung auf der stillen Wasserfl\u00e4che vor unserm Zentrum an bevor wir mit einer 3km oder 6km langen Abfahrt loslegen.<br \/>\nWir richten uns ganz nach Ihnen ob Sie ihre Technik verbessern oder die Aude in aller Sicherheit entdecken wollen.<\/p>\n<p><strong>Preise:<br \/>\n1-5 Personen: 40\u20ac p.P (halbtags)<br \/>\n6-10 Personen: 39\u20ac p.P. (halbtags)<br \/>\n1-5 Personen: 65\u20ac p.P (ganztags)<br \/>\n6-10 Personen: 63\u20ac p.P. (ganztags)<\/strong>[\/vc_column_text][\/vc_column][\/vc_row][vc_row equal_height=&#8220;yes&#8220; el_class=&#8220;textwhite&#8220; css=&#8220;.vc_custom_1580984686373{margin-right: 5px !important;margin-left: 5px !important;background-color: #939393 !important;}&#8220;][vc_column width=&#8220;1\/4&#8243; css=&#8220;.vc_custom_1497942687103{padding-top: 10px !important;padding-right: 10px !important;padding-bottom: 10px !important;padding-left: 10px !important;background-color: #1e73be !important;}&#8220; el_class=&#8220;textwhite&#8220;][vc_column_text]<strong>STEHPADDEL STRECKEN<\/strong><br \/>\nWir bieten unsere Kurse haupts\u00e4chlich auf dem Fluss Aude an. Diese Strecken erlauben Ihnen den Sport zu entdecken und sich von uns in den Wildwassersport einweisen zu lassen.<br \/>\nF\u00fcr ganztags Ausfl\u00fcge k\u00f6nnen wir auch Strecken auf anderen Fl\u00fcssen der Region anbieten.[\/vc_column_text][vc_column_text]<strong>Dauer:<\/strong><br \/>\nHalbtags oder auch \u00fcber mehrere Tage hinweg.[\/vc_column_text][vc_column_text]<strong>Niveau:<\/strong><br \/>\nAnf\u00e4nger[\/vc_column_text][vc_column_text]<br \/>\n<strong>Verf\u00fcgbarkeit:<\/strong><br \/>\nT\u00e4glich, morgens und nachmittags[\/vc_column_text][\/vc_column][vc_column width=&#8220;1\/4&#8243;][vc_column_text]<br \/>\n<strong>UNSERE AUSSTATTUNG<\/strong><br \/>\nBoot, Paddel, Schwimmweste, Helm, wasserfester Beh\u00e4lter und je nach Wetter Neoprenanzug oder Regenjacke.[\/vc_column_text][vc_column_text]<br \/>\n<strong>ZUM MITBRINGEN<\/strong><br \/>\nFeste Schuhe (Turnschuhe), Badesachen, Trinkwasser[\/vc_column_text][vc_column_text]<br \/>\n<strong>IM PREIS INBEGRIFFEN<\/strong><br \/>\nDie Einf\u00fchrung durch einen staatlich gepr\u00fcften F\u00fchrer, Material, Shuttle-Bus und Benutzung unseres Zentrums mit WC, Parkplatz, Umkleiden, Picknick Platz usw.[\/vc_column_text][\/vc_column][vc_column width=&#8220;1\/4&#8243;][vc_column_text]<strong>ALTER<\/strong><br \/>\nAb 8 Jahren[\/vc_column_text][vc_column_text]<br \/>\n<strong>PRAXISBEDINGUNGEN<\/strong><br \/>\nMan sollte tauchen und mindestens 25m Schwimmen k\u00f6nnen. Keine medizinischen Probleme, die Sie am Betreiben von Sport hindern[\/vc_column_text][vc_column_text]<strong>UNSER STANDORT<\/strong><br \/>\nUnsere Basis befindet sich im Dorf Puich\u00e9ric an der D610 die Carcassonne und B\u00e9ziers verbindet.<br \/>\nPuich\u00e9ric befindet sich 20 Min von Carcassonne, 30 Min von Narbonne, 40 Min von B\u00e9ziers und 1Std \u2013 1Std30 von Perpignan, Montpellier und Toulouse.[\/vc_column_text][vc_column_text]<\/p>\n<a class=\"wp-colorbox-iframe ourButton\" href=\"https:\/\/www.google.com\/maps\/embed?pb=!1m18!1m12!1m3!1d372099.64367829316!2d2.5065116807304566!3d43.229862818237585!2m3!1f0!2f0!3f0!3m2!1i1024!2i768!4f13.1!3m3!1m2!1s0x12b1ce07bb2badf50x98e9a76ba8efc43a!2sEaurizon+(Base+Nautique)!5e0!3m2!1sfr!2sfr!4v1498846001868\">STANDORT<\/a>\n<p>[\/vc_column_text][\/vc_column][vc_column width=&#8220;1\/4&#8243; css=&#8220;.vc_custom_1497942701699{padding-top: 10px !important;padding-right: 10px !important;padding-bottom: 10px !important;padding-left: 10px !important;background-color: #f29f04 !important;}&#8220; el_class=&#8220;textwhite&#8220;][vc_column_text]<strong>EAURIZON EXTRAS!<\/strong><br \/>\nEin herzlicher Empfang mit Kaffee und Tee.<br \/>\nAlle Information \u00fcber unsere Region<br \/>\nParkplatz, Umkleide, WC, Dusche<br \/>\nAusr\u00fcstung von hoher Qualit\u00e4t, die nach jeder Nutzung desinfiziert wird.<br \/>\nSie werden mit allem notwendigem ausgestattet\u2026 keine \u00dcberraschungskosten.<br \/>\nNeoprenanzug und\/oder Regenjacke bei schlechtem Wetter oder im Fr\u00fchling<br \/>\nAuch bei Miete erhalten Sie eine kurze Einf\u00fchrung um danach Ihre Fahrt voll genie\u00dfen zu k\u00f6nnen<br \/>\nEinziger Verleih auf dieser Strecke. Damit ist Ruhe garantiert<br \/>\nGro\u00dfe Privatfl\u00e4chen mit Picknicktischen um sich noch weiter zu entspannen.<br \/>\nGratis Touristenf\u00fchrer mit \u00fcber 40 Aktivit\u00e4ten und Rabattkarte.[\/vc_column_text][\/vc_column][\/vc_row][vc_row 0=&#8220;&#8220;][vc_column 0=&#8220;&#8220;][vc_column_text]<\/p>\n<p style=\"text-align: center;\"><a class=\"ourButton\" href=\"\/wp?page_id=1135\" target=\"_blank\" rel=\"noopener noreferrer\">AUSFLUG BUCHEN<\/a><\/p>\n<p>[\/vc_column_text][vc_raw_html]PGRpdiBhbGlnbj0iY2VudGVyIj4NCjxkaXYgY2xhc3M9ImFnZ3JlZ2F0ZV9zZWMiPk5vdGU6IDQuNSBiYXNlZCBvbiA8c3BhbiBjbGFzcz0icmF0aW5nLWNvdW50Ij4xNzc8L3NwYW4+IHZvdGVzPC9kaXY+DQpGaXJtYTogRWF1cml6b24NCkFuZ2Vib3Q6IFN0YW5kIHVwIFBhZGRsZSBzdXIgbCdBdWRlIGVuIE9jY2l0YW5pZSAoRW5jYWRyZW1lbnQpDQo8ZGl2IGNsYXNzPSJvZmZlcl9zZWMiPlByaXggOiBFVVIgMzUNClZlcmbDvGdiYXJrZWl0OiBJbiBzdG9jazwvZGl2Pg0KPC9kaXY+[\/vc_raw_html][\/vc_column][\/vc_row]<\/p>\n<\/div>","protected":false},"excerpt":{"rendered":"<p>[vc_row full_width=&#8220;stretch_row_content_no_spaces&#8220; css=&#8220;.vc_custom_1572302077590{background-color: #1e73be !important;}&#8220;][vc_column][vc_column_text] [\/vc_column_text][\/vc_column][\/vc_row][vc_row full_width=&#8220;stretch_row_content_no_spaces&#8220; css=&#8220;.vc_custom_1572302319788{background-color: #1e73be !important;}&#8220; el_class=&#8220;white&#8220;][vc_column width=&#8220;2\/3&#8243;][vc_column_text css=&#8220;.vc_custom_1572302086153{margin-left: 25px !important;}&#8220;]STEHPADDEL IN DER REGION AUDE IM KATHARERLAND[\/vc_column_text][\/vc_column][vc_column width=&#8220;1\/3&#8243;][vc_column_text]Tel.: +33 468 499 982[\/vc_column_text][\/vc_column][\/vc_row][vc_row full_width=&#8220;stretch_row_content&#8220;][vc_column][vc_column_text] Stehpaddel auf der Aude in Okzitanien (Kurs) [\/vc_column_text][\/vc_column][\/vc_row][vc_row full_width=&#8220;stretch_row_content&#8220; css=&#8220;.vc_custom_1580984733011{padding-top: 10px !important;padding-right: 10px !important;padding-bottom: 10px !important;padding-left: 10px !important;}&#8220;][vc_column width=&#8220;1\/2&#8243;][vc_column_text] Mit dem Kurs Angebot haben Sie die M\u00f6glichkeit das [&hellip;]<\/p>\n","protected":false},"author":1,"featured_media":4172,"parent":4013,"menu_order":0,"comment_status":"closed","ping_status":"closed","template":"","meta":{"_acf_changed":false,"site-sidebar-layout":"no-sidebar","site-content-layout":"plain-container","ast-site-content-layout":"normal-width-container","site-content-style":"unboxed","site-sidebar-style":"unboxed","ast-global-header-display":"","ast-banner-title-visibility":"","ast-main-header-display":"","ast-hfb-above-header-display":"","ast-hfb-below-header-display":"","ast-hfb-mobile-header-display":"","site-post-title":"disabled","ast-breadcrumbs-content":"","ast-featured-img":"disabled","footer-sml-layout":"","ast-disable-related-posts":"","theme-transparent-header-meta":"default","adv-header-id-meta":"","stick-header-meta":"default","header-above-stick-meta":"","header-main-stick-meta":"","header-below-stick-meta":"","astra-migrate-meta-layouts":"default","ast-page-background-enabled":"default","ast-page-background-meta":{"desktop":{"background-color":"","background-image":"","background-repeat":"repeat","background-position":"center center","background-size":"auto","background-attachment":"scroll","background-type":"","background-media":"","overlay-type":"","overlay-color":"","overlay-opacity":"","overlay-gradient":""},"tablet":{"background-color":"","background-image":"","background-repeat":"repeat","background-position":"center center","background-size":"auto","background-attachment":"scroll","background-type":"","background-media":"","overlay-type":"","overlay-color":"","overlay-opacity":"","overlay-gradient":""},"mobile":{"background-color":"","background-image":"","background-repeat":"repeat","background-position":"center center","background-size":"auto","background-attachment":"scroll","background-type":"","background-media":"","overlay-type":"","overlay-color":"","overlay-opacity":"","overlay-gradient":""}},"ast-content-background-meta":{"desktop":{"background-color":"var(--ast-global-color-5)","background-image":"","background-repeat":"repeat","background-position":"center center","background-size":"auto","background-attachment":"scroll","background-type":"","background-media":"","overlay-type":"","overlay-color":"","overlay-opacity":"","overlay-gradient":""},"tablet":{"background-color":"var(--ast-global-color-5)","background-image":"","background-repeat":"repeat","background-position":"center center","background-size":"auto","background-attachment":"scroll","background-type":"","background-media":"","overlay-type":"","overlay-color":"","overlay-opacity":"","overlay-gradient":""},"mobile":{"background-color":"var(--ast-global-color-5)","background-image":"","background-repeat":"repeat","background-position":"center center","background-size":"auto","background-attachment":"scroll","background-type":"","background-media":"","overlay-type":"","overlay-color":"","overlay-opacity":"","overlay-gradient":""}},"footnotes":""},"class_list":["post-4195","page","type-page","status-publish","has-post-thumbnail","hentry"],"acf":[],"_links":{"self":[{"href":"https:\/\/www.eaurizon.eu\/de\/wp-json\/wp\/v2\/pages\/4195","targetHints":{"allow":["GET"]}}],"collection":[{"href":"https:\/\/www.eaurizon.eu\/de\/wp-json\/wp\/v2\/pages"}],"about":[{"href":"https:\/\/www.eaurizon.eu\/de\/wp-json\/wp\/v2\/types\/page"}],"author":[{"embeddable":true,"href":"https:\/\/www.eaurizon.eu\/de\/wp-json\/wp\/v2\/users\/1"}],"replies":[{"embeddable":true,"href":"https:\/\/www.eaurizon.eu\/de\/wp-json\/wp\/v2\/comments?post=4195"}],"version-history":[{"count":3,"href":"https:\/\/www.eaurizon.eu\/de\/wp-json\/wp\/v2\/pages\/4195\/revisions"}],"predecessor-version":[{"id":4626,"href":"https:\/\/www.eaurizon.eu\/de\/wp-json\/wp\/v2\/pages\/4195\/revisions\/4626"}],"up":[{"embeddable":true,"href":"https:\/\/www.eaurizon.eu\/de\/wp-json\/wp\/v2\/pages\/4013"}],"wp:featuredmedia":[{"embeddable":true,"href":"https:\/\/www.eaurizon.eu\/de\/wp-json\/wp\/v2\/media\/4172"}],"wp:attachment":[{"href":"https:\/\/www.eaurizon.eu\/de\/wp-json\/wp\/v2\/media?parent=4195"}],"curies":[{"name":"wp","href":"https:\/\/api.w.org\/{rel}","templated":true}]}}