{"id":2190,"date":"2017-07-01T10:38:59","date_gmt":"2017-07-01T09:38:59","guid":{"rendered":"https:\/\/www.eaurizon.eu\/sports-eau-vives-aude\/"},"modified":"2020-02-06T11:54:59","modified_gmt":"2020-02-06T10:54:59","slug":"white-water-sports-aude","status":"publish","type":"page","link":"https:\/\/www.eaurizon.eu\/en\/white-water-sports-aude\/","title":{"rendered":"White Water sports in the region Aude, Occitania"},"content":{"rendered":"<div class=\"wpb-content-wrapper\"><p>[vc_row full_width=&#8221;stretch_row_content_no_spaces&#8221; css=&#8221;.vc_custom_1580756137179{background-color: #1e73be !important;}&#8221;][vc_column][layerslider_vc id=&#8221;25&#8243;][vc_row_inner el_class=&#8221;textwhite&#8221; css=&#8221;.vc_custom_1580755921903{background-color: #1e73be !important;}&#8221;][vc_column_inner width=&#8221;2\/3&#8243;][vc_column_text css=&#8221;.vc_custom_1580755929794{margin-left: 25px !important;}&#8221;]WHITE WATER SPORTS IN AUDE[\/vc_column_text][\/vc_column_inner][vc_column_inner width=&#8221;1\/3&#8243;][vc_column_text]TEL :+33 468 499 982[\/vc_column_text][\/vc_column_inner][\/vc_row_inner][\/vc_column][\/vc_row][vc_row css=&#8221;.vc_custom_1580754661026{margin-right: 20px !important;margin-left: 20px !important;}&#8221;][vc_column][vc_row_inner][vc_column_inner][vc_column_text]<\/p>\n<h1>White Water sports in the region Aude, Occitania<\/h1>\n<h2>Enjoy white water sports in Occitania as Canoe-Kayak, Stand Up Paddle, Rafting, Canoraft, Hydrospeed&#8230;<br \/>\nWith our qualified guides, discover the River Aude in Haute Vall\u00e9e and enjoy half-day journeys from 7 to 16 kilometers of lively circuit (category III- IV) very playful. To enjoy this activity, come to meet us in our second reception centre in Axat !!<br \/>\nRegular release of water during the summer allow fun and qualitative sessions.<br \/>\nDiscover Whitewater, without needing any technical skills. Safety instructions are given before the start, allowing you to deal with any fall in the water, involuntary or intentional.<br \/>\nCalmer but just as much wonderful, discover canoe-kayak or Stand up Paddle on the median Aude River, taking advantage of the environment more easily. The canoeing or Paddling trips are taking place in our nautical centre in Puich\u00e9ric (20 minutes away from Carcassonne, 30 minutes away from Narbonne).<\/h2>\n<p><strong>You have the choice among 5 different activities :<\/strong><br \/>\n<strong>&#8211; Cano\u00eb Kayak and the Stand up Paddle <\/strong>on flat water or on a downriver trip on the median River Aude in Puich\u00e9ric.<br \/>\n<strong>&#8211; Rafting<\/strong> in a collective inflatable and stable boat, handled with paddles. (7 persons and 1guide). Activity taking place in our reception centre in Axat.<br \/>\n<strong>&#8211; Canoraft<\/strong> in a collective and inflatable (inflatable canoe) for two people, handled with paddles. Activity taking place in our reception centre in Axat.<br \/>\n<strong>&#8211; Hydrospeed<\/strong> with a foam float, a reinforced wetsuit and flippers for the propulsion. Activity taking place in our reception centre in Axat.<\/p>\n<p>Several options are available, from the discovery circuit to the sporty one, in order to meet the expectations of everyone, as well as your wishes and abilities. <strong>To make a reservation for these activities, contact our reception center in Puich\u00e9ric<\/strong>.[\/vc_column_text][\/vc_column_inner][\/vc_row_inner][vc_row_inner][vc_column_inner width=&#8221;1\/2&#8243;][vc_column_text]<img decoding=\"async\" class=\"aligncenter wp-image-795 size-full\" title=\"Cano\u00eb Kayak sur l'Aude - Eaurizon\" src=\"https:\/\/www.eaurizon.eu\/wp-content\/uploads\/2017\/05\/canoe-kayak-eaurizon-10.jpg\" alt=\"Cano\u00eb Kayak sur l'Aude - Eaurizon\" width=\"100%\" srcset=\"https:\/\/www.eaurizon.eu\/wp-content\/uploads\/2017\/05\/canoe-kayak-eaurizon-10.jpg 750w, https:\/\/www.eaurizon.eu\/wp-content\/uploads\/2017\/05\/canoe-kayak-eaurizon-10-600x402.jpg 600w, https:\/\/www.eaurizon.eu\/wp-content\/uploads\/2017\/05\/canoe-kayak-eaurizon-10-730x489.jpg 730w, https:\/\/www.eaurizon.eu\/wp-content\/uploads\/2017\/05\/canoe-kayak-eaurizon-10-400x267.jpg 400w\" sizes=\"(max-width: 750px) 100vw, 750px\" \/><\/p>\n<h3>AUDE CANOE-KAYAK (Supervised)<\/h3>\n<p>Discover our different Canoe Kayak courses on the Aude with supervision by a state-certified instructor[\/vc_column_text][vc_column_text]<\/p>\n<p style=\"text-align: center;\"><a class=\"myButton\" href=\"https:\/\/www.eaurizon.eu\/en\/white-water-sports-aude\/canoe-kayak-aude-supervised\/\">More d\u00e9tails<\/a><\/p>\n<p>[\/vc_column_text][\/vc_column_inner][vc_column_inner width=&#8221;1\/2&#8243;][vc_column_text]<img decoding=\"async\" class=\"aligncenter wp-image-802 size-full\" title=\"Cano\u00eb Kayak sur l'Aude - Eaurizon\" src=\"https:\/\/www.eaurizon.eu\/wp-content\/uploads\/2017\/05\/canoe-kayak-eaurizon-12.jpg\" alt=\"Cano\u00eb Kayak sur l'Aude - Eaurizon\" width=\"100%\" srcset=\"https:\/\/www.eaurizon.eu\/wp-content\/uploads\/2017\/05\/canoe-kayak-eaurizon-12.jpg 750w, https:\/\/www.eaurizon.eu\/wp-content\/uploads\/2017\/05\/canoe-kayak-eaurizon-12-600x402.jpg 600w, https:\/\/www.eaurizon.eu\/wp-content\/uploads\/2017\/05\/canoe-kayak-eaurizon-12-730x489.jpg 730w, https:\/\/www.eaurizon.eu\/wp-content\/uploads\/2017\/05\/canoe-kayak-eaurizon-12-400x267.jpg 400w\" sizes=\"(max-width: 750px) 100vw, 750px\" \/><\/p>\n<h3>AUDE CANOE-KAYAK\u00a0 (Renting)<\/h3>\n<p>Practice the Can\u00f6e Kayak in freedom on our various whitewater courses on the Aude river or on our lake in rental formula. Go to our center in Puich\u00e9ric. Remember to book![\/vc_column_text][vc_column_text]<\/p>\n<p style=\"text-align: center;\"><a class=\"myButton\" href=\"https:\/\/www.eaurizon.eu\/en\/white-water-sports-aude\/canoe-kayak-aude-renting\/\">More d\u00e9tails<\/a><\/p>\n<p>[\/vc_column_text][\/vc_column_inner][\/vc_row_inner][vc_row_inner][vc_column_inner width=&#8221;1\/2&#8243;][vc_column_text]<img decoding=\"async\" class=\"aligncenter wp-image-834 size-full\" title=\"Stand up Paddle - Puicheric - Aude - Eaurizon\" src=\"https:\/\/www.eaurizon.eu\/wp-content\/uploads\/2017\/05\/stand-up-paddle-aude-eaurizon-08.jpg\" alt=\"Stand up Paddle - Puicheric - Aude - Eaurizon\" width=\"100%\" srcset=\"https:\/\/www.eaurizon.eu\/wp-content\/uploads\/2017\/05\/stand-up-paddle-aude-eaurizon-08.jpg 750w, https:\/\/www.eaurizon.eu\/wp-content\/uploads\/2017\/05\/stand-up-paddle-aude-eaurizon-08-600x402.jpg 600w, https:\/\/www.eaurizon.eu\/wp-content\/uploads\/2017\/05\/stand-up-paddle-aude-eaurizon-08-730x489.jpg 730w, https:\/\/www.eaurizon.eu\/wp-content\/uploads\/2017\/05\/stand-up-paddle-aude-eaurizon-08-400x267.jpg 400w\" sizes=\"(max-width: 750px) 100vw, 750px\" \/><\/p>\n<h3>AUDE STAND UP PADDLE (supervised)<\/h3>\n<p>On our lake or on the Aude river, come and learn or improve your practice of Stand up Paddle in Whitewater.[\/vc_column_text][vc_column_text]<\/p>\n<p style=\"text-align: center;\"><a class=\"myButton\" href=\"https:\/\/www.eaurizon.eu\/en\/white-water-sports-aude\/aude-stand-up-paddle-supervised\/\">More d\u00e9tails<\/a><\/p>\n<p>[\/vc_column_text][\/vc_column_inner][vc_column_inner width=&#8221;1\/2&#8243;][vc_column_text]<img decoding=\"async\" class=\"aligncenter wp-image-824 size-full\" title=\"Stand up Paddle - Puicheric - Aude - Eaurizon\" src=\"https:\/\/www.eaurizon.eu\/wp-content\/uploads\/2017\/05\/stand-up-paddle-aude-eaurizon-05.jpg\" alt=\"Stand up Paddle - Puicheric - Aude - Eaurizon\" width=\"100%\" srcset=\"https:\/\/www.eaurizon.eu\/wp-content\/uploads\/2017\/05\/stand-up-paddle-aude-eaurizon-05.jpg 750w, https:\/\/www.eaurizon.eu\/wp-content\/uploads\/2017\/05\/stand-up-paddle-aude-eaurizon-05-600x402.jpg 600w, https:\/\/www.eaurizon.eu\/wp-content\/uploads\/2017\/05\/stand-up-paddle-aude-eaurizon-05-730x489.jpg 730w, https:\/\/www.eaurizon.eu\/wp-content\/uploads\/2017\/05\/stand-up-paddle-aude-eaurizon-05-400x267.jpg 400w\" sizes=\"(max-width: 750px) 100vw, 750px\" \/><\/p>\n<h3>AUDE STAND UP PADDLE (Renting)<\/h3>\n<p>Practice the Stand up Paddle in freedom on our various whitewater courses in the Aude or on our lake in rental formula. Visit our center in Puich\u00e9ric &#8230; and do not hesitate to book for the best welcome![\/vc_column_text][vc_column_text]<\/p>\n<p style=\"text-align: center;\"><a class=\"myButton\" href=\"https:\/\/www.eaurizon.eu\/en\/white-water-sports-aude\/aude-stand-up-paddle-renting\/\">MORE DETAILS<\/a><\/p>\n<p>[\/vc_column_text][\/vc_column_inner][\/vc_row_inner][vc_row_inner][vc_column_inner width=&#8221;1\/3&#8243;][vc_column_text]<img decoding=\"async\" class=\"aligncenter wp-image-750 size-full\" title=\"Hydrospeed sur l'Aude - Eaurizon\" src=\"https:\/\/www.eaurizon.eu\/wp-content\/uploads\/2017\/05\/hydrospeed-aude-axat-eaurizon-04.jpg\" alt=\"Hydrospeed sur l'Aude - Eaurizon\" width=\"100%\" srcset=\"https:\/\/www.eaurizon.eu\/wp-content\/uploads\/2017\/05\/hydrospeed-aude-axat-eaurizon-04.jpg 750w, https:\/\/www.eaurizon.eu\/wp-content\/uploads\/2017\/05\/hydrospeed-aude-axat-eaurizon-04-600x402.jpg 600w, https:\/\/www.eaurizon.eu\/wp-content\/uploads\/2017\/05\/hydrospeed-aude-axat-eaurizon-04-730x489.jpg 730w, https:\/\/www.eaurizon.eu\/wp-content\/uploads\/2017\/05\/hydrospeed-aude-axat-eaurizon-04-400x267.jpg 400w\" sizes=\"(max-width: 750px) 100vw, 750px\" \/><\/p>\n<h3>AUDE HYDROSPEED<\/h3>\n<p>Discover whitewater swimming (hydrospeed) with our different routes on the Aude river from Axat. Reservations are made from our center in Puich\u00e9ric.[\/vc_column_text][vc_column_text]<\/p>\n<p style=\"text-align: center;\"><a class=\"myButton\" href=\"https:\/\/www.eaurizon.eu\/en\/white-water-sports-aude\/hydrospeed-aude\/\">MORE DETAILS<\/a><\/p>\n<p>[\/vc_column_text][\/vc_column_inner][vc_column_inner width=&#8221;1\/3&#8243;][vc_column_text]<img decoding=\"async\" class=\"aligncenter wp-image-766 size-full\" title=\"Canoraft sur l'Aude - Eaurizon\" src=\"https:\/\/www.eaurizon.eu\/wp-content\/uploads\/2017\/05\/canoraft-aude-eaurizon-02.jpg\" alt=\"Canoraft sur l'Aude - Eaurizon\" width=\"100%\" srcset=\"https:\/\/www.eaurizon.eu\/wp-content\/uploads\/2017\/05\/canoraft-aude-eaurizon-02.jpg 750w, https:\/\/www.eaurizon.eu\/wp-content\/uploads\/2017\/05\/canoraft-aude-eaurizon-02-600x402.jpg 600w, https:\/\/www.eaurizon.eu\/wp-content\/uploads\/2017\/05\/canoraft-aude-eaurizon-02-730x489.jpg 730w, https:\/\/www.eaurizon.eu\/wp-content\/uploads\/2017\/05\/canoraft-aude-eaurizon-02-400x267.jpg 400w\" sizes=\"(max-width: 750px) 100vw, 750px\" \/><\/p>\n<h3>AUDE CANORAFT<\/h3>\n<p>The Canoraft is a beautiful compromise between Canoe and Rafting to ride the Aude River at Axat in the Audoise Pyrenees\u2026 Reservations are made from our Center in Puich\u00e9ric.[\/vc_column_text][vc_column_text]<\/p>\n<p style=\"text-align: center;\"><a class=\"myButton\" href=\"https:\/\/www.eaurizon.eu\/en\/white-water-sports-aude\/aude-canoraft-occitania\/\">MORE DETAILS<\/a><\/p>\n<p>[\/vc_column_text][\/vc_column_inner][vc_column_inner width=&#8221;1\/3&#8243;][vc_column_text]<img loading=\"lazy\" decoding=\"async\" class=\"aligncenter wp-image-702 size-full\" title=\"Rafting sur l'Aude - Axat - Eaurizon Sud Rafting\" src=\"https:\/\/www.eaurizon.eu\/wp-content\/uploads\/2017\/05\/rafting-aude-eaurizon-04.jpg\" alt=\"Rafting sur l'Aude - Axat - Eaurizon Sud Rafting\" width=\"730\" height=\"516\" srcset=\"https:\/\/www.eaurizon.eu\/wp-content\/uploads\/2017\/05\/rafting-aude-eaurizon-04.jpg 730w, https:\/\/www.eaurizon.eu\/wp-content\/uploads\/2017\/05\/rafting-aude-eaurizon-04-600x424.jpg 600w, https:\/\/www.eaurizon.eu\/wp-content\/uploads\/2017\/05\/rafting-aude-eaurizon-04-707x500.jpg 707w\" sizes=\"auto, (max-width: 730px) 100vw, 730px\" \/><\/p>\n<h3>RAFTING SUR L&#8217;AUDE<\/h3>\n<p>Pratiquez le Rafting sur nos tumultueux\u00a0 parcours eaux vives dans les Gorges de l&#8217;Aude entre Axat et Quillan en R\u00e9gion Occitanie. Les r\u00e9servations s&#8217;effectuent \u00e0 partir de notre centre \u00e0 Puich\u00e9ric.[\/vc_column_text][vc_column_text]<\/p>\n<p style=\"text-align: center;\"><a class=\"myButton\" href=\"https:\/\/www.eaurizon.eu\/en\/white-water-sports-aude\/rafting-aude-axat-3\/\">MORE DETAILS<\/a><\/p>\n<p>[\/vc_column_text][\/vc_column_inner][\/vc_row_inner][vc_row_inner equal_height=&#8221;yes&#8221; el_class=&#8221;textwhite&#8221;][vc_column_inner width=&#8221;1\/2&#8243; css=&#8221;.vc_custom_1580754178586{padding-top: 10px !important;padding-right: 10px !important;padding-bottom: 10px !important;padding-left: 10px !important;background-color: #1e73be !important;}&#8221;][vc_column_text]<strong>CONDITIONS OF PRACTICE:<\/strong><\/p>\n<p>To help you in your choice of course we have assessed the technical level as in skiing with the same color codes. Obviously depending on the water levels this rating may change, we will be there to advise you.<\/p>\n<p>We provide you with all the equipment necessary for the practice, the meetings are generally fixed on one of our two bases according to the chosen activity.<br \/>\nYou must know: swim 25 meters and immerse yourself without stress.<br \/>\nDo not have a medical contraindication to sports.<br \/>\nBring: a swimsuit, a pair of sneakers and good humor![\/vc_column_text][\/vc_column_inner][vc_column_inner width=&#8221;1\/2&#8243; css=&#8221;.vc_custom_1580754153927{padding-top: 10px !important;padding-right: 10px !important;padding-bottom: 10px !important;padding-left: 10px !important;background-color: #f7a922 !important;}&#8221;][vc_column_text]<strong> THE MOST OF EAURIZON! <\/strong><\/p>\n<p>Friendly welcome guaranteed with coffee and tea available!<br \/>\nYou will find all the info on our region!<br \/>\nParking lots, changing rooms, toilets at your disposal!<br \/>\nQuality material disinfected and washed on each outing.<br \/>\nEverything is provided to navigate &#8230; no surprise on the price!<br \/>\nWetsuits and k-ways provided in bad weather or in spring!<br \/>\nEven in rental an initiation is offered to make the most of your ride<br \/>\nLarge private lot on the edge of the River equipped with picnic tables and a barbecue where you can extend your relaxing day. Free guide with more than 40 visit ideas offered with discounts[\/vc_column_text][\/vc_column_inner][\/vc_row_inner][\/vc_column][\/vc_row]<\/p>\n<\/div>","protected":false},"excerpt":{"rendered":"<p>[vc_row full_width=&#8221;stretch_row_content_no_spaces&#8221; css=&#8221;.vc_custom_1580756137179{background-color: #1e73be !important;}&#8221;][vc_column][layerslider_vc id=&#8221;25&#8243;][vc_row_inner el_class=&#8221;textwhite&#8221; css=&#8221;.vc_custom_1580755921903{background-color: #1e73be !important;}&#8221;][vc_column_inner width=&#8221;2\/3&#8243;][vc_column_text css=&#8221;.vc_custom_1580755929794{margin-left: 25px !important;}&#8221;]WHITE WATER SPORTS IN AUDE[\/vc_column_text][\/vc_column_inner][vc_column_inner width=&#8221;1\/3&#8243;][vc_column_text]TEL :+33 468 499 982[\/vc_column_text][\/vc_column_inner][\/vc_row_inner][\/vc_column][\/vc_row][vc_row css=&#8221;.vc_custom_1580754661026{margin-right: 20px !important;margin-left: 20px !important;}&#8221;][vc_column][vc_row_inner][vc_column_inner][vc_column_text] White Water sports in the region Aude, Occitania Enjoy white water sports in Occitania as Canoe-Kayak, Stand Up Paddle, Rafting, Canoraft, Hydrospeed&#8230; With our qualified guides, discover [&hellip;]<\/p>\n","protected":false},"author":1,"featured_media":0,"parent":0,"menu_order":0,"comment_status":"closed","ping_status":"closed","template":"","meta":{"_acf_changed":false,"site-sidebar-layout":"default","site-content-layout":"default","ast-site-content-layout":"default","site-content-style":"default","site-sidebar-style":"default","ast-global-header-display":"","ast-banner-title-visibility":"","ast-main-header-display":"","ast-hfb-above-header-display":"","ast-hfb-below-header-display":"","ast-hfb-mobile-header-display":"","site-post-title":"disabled","ast-breadcrumbs-content":"","ast-featured-img":"disabled","footer-sml-layout":"","ast-disable-related-posts":"","theme-transparent-header-meta":"default","adv-header-id-meta":"","stick-header-meta":"default","header-above-stick-meta":"","header-main-stick-meta":"","header-below-stick-meta":"","astra-migrate-meta-layouts":"default","ast-page-background-enabled":"default","ast-page-background-meta":{"desktop":{"background-color":"","background-image":"","background-repeat":"repeat","background-position":"center center","background-size":"auto","background-attachment":"scroll","background-type":"","background-media":"","overlay-type":"","overlay-color":"","overlay-opacity":"","overlay-gradient":""},"tablet":{"background-color":"","background-image":"","background-repeat":"repeat","background-position":"center center","background-size":"auto","background-attachment":"scroll","background-type":"","background-media":"","overlay-type":"","overlay-color":"","overlay-opacity":"","overlay-gradient":""},"mobile":{"background-color":"","background-image":"","background-repeat":"repeat","background-position":"center center","background-size":"auto","background-attachment":"scroll","background-type":"","background-media":"","overlay-type":"","overlay-color":"","overlay-opacity":"","overlay-gradient":""}},"ast-content-background-meta":{"desktop":{"background-color":"var(--ast-global-color-5)","background-image":"","background-repeat":"repeat","background-position":"center center","background-size":"auto","background-attachment":"scroll","background-type":"","background-media":"","overlay-type":"","overlay-color":"","overlay-opacity":"","overlay-gradient":""},"tablet":{"background-color":"var(--ast-global-color-5)","background-image":"","background-repeat":"repeat","background-position":"center center","background-size":"auto","background-attachment":"scroll","background-type":"","background-media":"","overlay-type":"","overlay-color":"","overlay-opacity":"","overlay-gradient":""},"mobile":{"background-color":"var(--ast-global-color-5)","background-image":"","background-repeat":"repeat","background-position":"center center","background-size":"auto","background-attachment":"scroll","background-type":"","background-media":"","overlay-type":"","overlay-color":"","overlay-opacity":"","overlay-gradient":""}},"footnotes":""},"class_list":["post-2190","page","type-page","status-publish","hentry"],"acf":[],"_links":{"self":[{"href":"https:\/\/www.eaurizon.eu\/en\/wp-json\/wp\/v2\/pages\/2190","targetHints":{"allow":["GET"]}}],"collection":[{"href":"https:\/\/www.eaurizon.eu\/en\/wp-json\/wp\/v2\/pages"}],"about":[{"href":"https:\/\/www.eaurizon.eu\/en\/wp-json\/wp\/v2\/types\/page"}],"author":[{"embeddable":true,"href":"https:\/\/www.eaurizon.eu\/en\/wp-json\/wp\/v2\/users\/1"}],"replies":[{"embeddable":true,"href":"https:\/\/www.eaurizon.eu\/en\/wp-json\/wp\/v2\/comments?post=2190"}],"version-history":[{"count":4,"href":"https:\/\/www.eaurizon.eu\/en\/wp-json\/wp\/v2\/pages\/2190\/revisions"}],"predecessor-version":[{"id":2443,"href":"https:\/\/www.eaurizon.eu\/en\/wp-json\/wp\/v2\/pages\/2190\/revisions\/2443"}],"wp:attachment":[{"href":"https:\/\/www.eaurizon.eu\/en\/wp-json\/wp\/v2\/media?parent=2190"}],"curies":[{"name":"wp","href":"https:\/\/api.w.org\/{rel}","templated":true}]}}