{"id":2236,"date":"2017-05-15T10:12:11","date_gmt":"2017-05-15T09:12:11","guid":{"rendered":"https:\/\/www.eaurizon.eu\/white-water-sports-aude\/canoe-kayak-aude-encadrement\/"},"modified":"2022-12-29T15:46:19","modified_gmt":"2022-12-29T14:46:19","slug":"canoe-kayak-aude-supervised","status":"publish","type":"page","link":"https:\/\/www.eaurizon.eu\/en\/white-water-sports-aude\/canoe-kayak-aude-supervised\/","title":{"rendered":"Canoe Kayak on the river Aude in Occitania (Supervised)"},"content":{"rendered":"<div class=\"wpb-content-wrapper\"><p>[vc_row full_width=&#8221;stretch_row_content_no_spaces&#8221; css=&#8221;.vc_custom_1572295814005{background-color: #1e73be !important;}&#8221; el_class=&#8221;textwhite&#8221;][vc_column][vc_column_text]<script type=\"text\/javascript\">jQuery(function() { _initLayerSlider( '#layerslider_5_ndn1qb3u4fwa', {sliderVersion: '6.11.8', responsiveUnder: 1200, layersContainer: 0, allowFullscreen: true, hideOnMobile: true, hideUnder: 0, hideOver: 100000, pauseOnHover: 'enabled', skin: 'v5', sliderFadeInDuration: 350, globalBGSize: 'cover', useSrcset: true, skinsPath: 'https:\/\/www.eaurizon.eu\/wp-content\/plugins\/LayerSlider\/assets\/static\/layerslider\/skins\/', performanceMode: true}); });<\/script><div id=\"layerslider_5_ndn1qb3u4fwa\"  class=\"ls-wp-container fitvidsignore ls-selectable\" style=\"width:1200px;height:600px;margin:0 auto;margin-bottom: 0px;\"><div class=\"ls-slide\" data-ls=\"bgsize:cover;bgposition:50% 50%;duration:4000;\"><img loading=\"lazy\" decoding=\"async\" width=\"1280\" height=\"853\" src=\"https:\/\/www.eaurizon.eu\/wp-content\/uploads\/2021\/05\/canoe-kayak-aude-base-nautique-puicheric-06.jpg\" class=\"ls-bg\" alt=\"Cano\u00eb kayak - Base Nautique Puicheric - Aude\" srcset=\"https:\/\/www.eaurizon.eu\/wp-content\/uploads\/2021\/05\/canoe-kayak-aude-base-nautique-puicheric-06.jpg 1280w, https:\/\/www.eaurizon.eu\/wp-content\/uploads\/2021\/05\/canoe-kayak-aude-base-nautique-puicheric-06-600x400.jpg 600w, https:\/\/www.eaurizon.eu\/wp-content\/uploads\/2021\/05\/canoe-kayak-aude-base-nautique-puicheric-06-730x486.jpg 730w, https:\/\/www.eaurizon.eu\/wp-content\/uploads\/2021\/05\/canoe-kayak-aude-base-nautique-puicheric-06-1024x682.jpg 1024w, https:\/\/www.eaurizon.eu\/wp-content\/uploads\/2021\/05\/canoe-kayak-aude-base-nautique-puicheric-06-768x512.jpg 768w, https:\/\/www.eaurizon.eu\/wp-content\/uploads\/2021\/05\/canoe-kayak-aude-base-nautique-puicheric-06-848x565.jpg 848w, https:\/\/www.eaurizon.eu\/wp-content\/uploads\/2021\/05\/canoe-kayak-aude-base-nautique-puicheric-06-1140x760.jpg 1140w, https:\/\/www.eaurizon.eu\/wp-content\/uploads\/2021\/05\/canoe-kayak-aude-base-nautique-puicheric-06-1170x780.jpg 1170w\" sizes=\"auto, (max-width: 1280px) 100vw, 1280px\" \/><p style=\"font-size:40px;color:#000000;top:73px;left:22px;\" class=\"ls-l ls-text-layer\" data-ls=\"offsetxin:80;offsetxout:-80;durationout:400;parallaxlevel:0;\"><b>CANO\u00cb-KAYAK SUR L'AUDE<\/b><\/p><p style=\"font-size:40px;color:#ffffff;top:70px;left:19px;\" class=\"ls-l ls-text-layer\" data-ls=\"offsetxin:80;offsetxout:-80;durationout:400;parallaxlevel:0;\"><b>CANO\u00cb-KAYAK SUR L'AUDE<\/b><\/p><p style=\"font-size:30px;color:#0d0d0c;top:148px;left:25px;\" class=\"ls-l ls-text-layer\" data-ls=\"offsetxin:80;offsetxout:-80;durationout:400;parallaxlevel:0;\"><b>EN FAMILLE, ENTRE AMIS OU INDIVIDUELLEMENT<\/b><\/p><p style=\"font-size:30px;color:#ffae00;top:145px;left:22px;\" class=\"ls-l ls-text-layer\" data-ls=\"offsetxin:80;offsetxout:-80;durationout:400;parallaxlevel:0;\"><b>EN FAMILLE, ENTRE AMIS OU INDIVIDUELLEMENT<\/b><\/p><\/div><div class=\"ls-slide\" data-ls=\"bgsize:cover;bgposition:0% 0%;duration:4000;\"><img loading=\"lazy\" decoding=\"async\" width=\"1363\" height=\"676\" src=\"https:\/\/www.eaurizon.eu\/wp-content\/uploads\/2017\/06\/canoe-kayak-aude-eaurizon-08.jpg\" class=\"ls-bg\" alt=\"\" srcset=\"https:\/\/www.eaurizon.eu\/wp-content\/uploads\/2017\/06\/canoe-kayak-aude-eaurizon-08.jpg 1363w, https:\/\/www.eaurizon.eu\/wp-content\/uploads\/2017\/06\/canoe-kayak-aude-eaurizon-08-600x298.jpg 600w, https:\/\/www.eaurizon.eu\/wp-content\/uploads\/2017\/06\/canoe-kayak-aude-eaurizon-08-730x362.jpg 730w, https:\/\/www.eaurizon.eu\/wp-content\/uploads\/2017\/06\/canoe-kayak-aude-eaurizon-08-768x381.jpg 768w, https:\/\/www.eaurizon.eu\/wp-content\/uploads\/2017\/06\/canoe-kayak-aude-eaurizon-08-1024x508.jpg 1024w\" sizes=\"auto, (max-width: 1363px) 100vw, 1363px\" \/><p style=\"font-size:40px;color:#000000;top:40px;left:19px;\" class=\"ls-l ls-text-layer\" data-ls=\"offsetxin:80;offsetxout:-80;durationout:400;parallaxlevel:0;\"><b>CANO\u00cb-KAYAK SUR L'AUDE<\/b><\/p><p style=\"font-size:40px;color:#ffffff;top:37px;left:16px;\" class=\"ls-l ls-text-layer\" data-ls=\"offsetxin:80;offsetxout:-80;durationout:400;parallaxlevel:0;\"><b>CANO\u00cb-KAYAK SUR L'AUDE<\/b><\/p><p style=\"font-size:30px;color:#0d0d0c;top:88px;left:19px;\" class=\"ls-l ls-text-layer\" data-ls=\"offsetxin:80;offsetxout:-80;durationout:400;parallaxlevel:0;\"><b>EN FAMILLE, ENTRE AMIS OU INDIVIDUELLEMENT<\/b><\/p><p style=\"font-size:30px;color:#ffae00;top:85px;left:16px;\" class=\"ls-l ls-text-layer\" data-ls=\"offsetxin:80;offsetxout:-80;durationout:400;parallaxlevel:0;\"><b>EN FAMILLE, ENTRE AMIS OU INDIVIDUELLEMENT<\/b><\/p><\/div><div class=\"ls-slide\" data-ls=\"bgsize:cover;bgposition:0% 0%;duration:4000;\"><img loading=\"lazy\" decoding=\"async\" width=\"1363\" height=\"676\" src=\"https:\/\/www.eaurizon.eu\/wp-content\/uploads\/2017\/06\/canoe-kayak-aude-eaurizon-06.jpg\" class=\"ls-bg\" alt=\"\" srcset=\"https:\/\/www.eaurizon.eu\/wp-content\/uploads\/2017\/06\/canoe-kayak-aude-eaurizon-06.jpg 1363w, https:\/\/www.eaurizon.eu\/wp-content\/uploads\/2017\/06\/canoe-kayak-aude-eaurizon-06-600x298.jpg 600w, https:\/\/www.eaurizon.eu\/wp-content\/uploads\/2017\/06\/canoe-kayak-aude-eaurizon-06-730x362.jpg 730w, https:\/\/www.eaurizon.eu\/wp-content\/uploads\/2017\/06\/canoe-kayak-aude-eaurizon-06-768x381.jpg 768w, https:\/\/www.eaurizon.eu\/wp-content\/uploads\/2017\/06\/canoe-kayak-aude-eaurizon-06-1024x508.jpg 1024w\" sizes=\"auto, (max-width: 1363px) 100vw, 1363px\" \/><p style=\"font-size:40px;color:#000000;top:490px;left:343px;\" class=\"ls-l ls-text-layer\" data-ls=\"offsetxin:80;offsetxout:-80;durationout:400;parallaxlevel:0;\"><b>CANO\u00cb-KAYAK SUR L'AUDE<\/b><\/p><p style=\"font-size:40px;color:#ffffff;top:487px;left:340px;\" class=\"ls-l ls-text-layer\" data-ls=\"offsetxin:80;offsetxout:-80;durationout:400;parallaxlevel:0;\"><b>CANO\u00cb-KAYAK SUR L'AUDE<\/b><\/p><p style=\"font-size:30px;color:#0d0d0c;top:537px;left:343px;\" class=\"ls-l ls-text-layer\" data-ls=\"offsetxin:80;offsetxout:-80;durationout:400;parallaxlevel:0;\"><b>FORMATION CANO\u00cb-KAYAK BASE NAUTIQUE<\/b><\/p><p style=\"font-size:30px;color:#ffae00;top:535px;left:340px;\" class=\"ls-l ls-text-layer\" data-ls=\"offsetxin:80;offsetxout:-80;durationout:400;parallaxlevel:0;\"><b>FORMATION CANO\u00cb-KAYAK BASE NAUTIQUE<\/b><\/p><\/div><div class=\"ls-slide\" data-ls=\"bgsize:cover;bgposition:0% 0%;duration:4000;\"><img loading=\"lazy\" decoding=\"async\" width=\"1363\" height=\"676\" src=\"https:\/\/www.eaurizon.eu\/wp-content\/uploads\/2017\/06\/canoe-kayak-aude-eaurizon-07.jpg\" class=\"ls-bg\" alt=\"\" srcset=\"https:\/\/www.eaurizon.eu\/wp-content\/uploads\/2017\/06\/canoe-kayak-aude-eaurizon-07.jpg 1363w, https:\/\/www.eaurizon.eu\/wp-content\/uploads\/2017\/06\/canoe-kayak-aude-eaurizon-07-600x298.jpg 600w, https:\/\/www.eaurizon.eu\/wp-content\/uploads\/2017\/06\/canoe-kayak-aude-eaurizon-07-730x362.jpg 730w, https:\/\/www.eaurizon.eu\/wp-content\/uploads\/2017\/06\/canoe-kayak-aude-eaurizon-07-768x381.jpg 768w, https:\/\/www.eaurizon.eu\/wp-content\/uploads\/2017\/06\/canoe-kayak-aude-eaurizon-07-1024x508.jpg 1024w\" sizes=\"auto, (max-width: 1363px) 100vw, 1363px\" \/><p style=\"font-size:40px;color:#000000;top:492px;left:71px;\" class=\"ls-l ls-text-layer\" data-ls=\"offsetxin:80;offsetxout:-80;durationout:400;parallaxlevel:0;\"><b>CANO\u00cb-KAYAK SUR L'AUDE<\/b><\/p><p style=\"font-size:40px;color:#ffffff;top:489px;left:68px;\" class=\"ls-l ls-text-layer\" data-ls=\"offsetxin:80;offsetxout:-80;durationout:400;parallaxlevel:0;\"><b>CANO\u00cb-KAYAK SUR L'AUDE<\/b><\/p><p style=\"font-size:30px;color:#0d0d0c;top:539px;left:71px;\" class=\"ls-l ls-text-layer\" data-ls=\"offsetxin:80;offsetxout:-80;durationout:400;parallaxlevel:0;\"><b>ACTIVIT\u00c9 LUDIQUE &amp; SPORTIVE ID\u00c9ALE POUR LES EVG ET EVJF<\/b><\/p><p style=\"font-size:30px;color:#ffae00;top:537px;left:68px;\" class=\"ls-l ls-text-layer\" data-ls=\"offsetxin:80;offsetxout:-80;durationout:400;parallaxlevel:0;\"><b>ACTIVIT\u00c9 LUDIQUE &amp; SPORTIVE ID\u00c9ALE POUR LES EVG ET EVJF<\/b><\/p><\/div><\/div>[\/vc_column_text][\/vc_column][\/vc_row][vc_row full_width=&#8221;stretch_row_content_no_spaces&#8221; css=&#8221;.vc_custom_1572295814005{background-color: #1e73be !important;}&#8221; el_class=&#8221;textwhite&#8221;][vc_column width=&#8221;2\/3&#8243;][vc_column_text css=&#8221;.vc_custom_1580832132385{margin-left: 25px !important;}&#8221;]CANOE-KAYAK DESTINATION IN CATHAR COUNTRY&#8230;[\/vc_column_text][\/vc_column][vc_column width=&#8221;1\/3&#8243;][vc_column_text]Tel : 04 68 49 99 82[\/vc_column_text][\/vc_column][\/vc_row][vc_row full_width=&#8221;stretch_row_content&#8221;][vc_column][vc_column_text]<\/p>\n<h1>Canoe Kayak on the river Aude in Occitania (Supervised)<\/h1>\n<p>[\/vc_column_text][\/vc_column][\/vc_row][vc_row full_width=&#8221;stretch_row_content&#8221; equal_height=&#8221;yes&#8221; css=&#8221;.vc_custom_1572295679594{padding-top: 10px !important;padding-right: 10px !important;padding-bottom: 10px !important;padding-left: 10px !important;}&#8221;][vc_column width=&#8221;1\/2&#8243;][vc_column_text 0=&#8221;&#8221;]<\/p>\n<h2>Learn and practice Canoeing with our supervised sessions with a qualified guide on the River Aude.<\/h2>\n<p>Canoe-Kayak in the Aude department\u2026<br \/>\nAccording to your level, we allow several discovery or improvement session on several circuits available on the River Aude. You will safely be guided, and our Region will be presented to you.<br \/>\nYou will be taught the technical basics of paddling, balance, direction, propulsion and be autonomous. Your introduction program will be chosen according to your schedule and your motivation.[\/vc_column_text][vc_column_text 0=&#8221;&#8221;]<strong>Training centre :<\/strong><br \/>\nThroughout the year we train the future qualified guides. Make the most of our experience and our efficient equipments, in a convivial atmosphere. We also are members of the \u201c F\u00e9deration Fran\u00e7aise Cano\u00eb kayak\u201d and French School.<br \/>\n<strong>Choose your boat :<\/strong><br \/>\nA canoe with two places<br \/>\nA \u201csit on top\u201d kayak (easier to handle)<br \/>\nA more progressive kayak (with front deck), for a more challenging and sporty approach.[\/vc_column_text][\/vc_column][vc_column width=&#8221;1\/2&#8243;][vc_video link=&#8221;https:\/\/youtu.be\/YBbQxf0wV3Y&#8221;][\/vc_column][\/vc_row][vc_row full_width=&#8221;stretch_row_content&#8221;][vc_column][vc_column_text]<strong>Here are our options\u2026<\/strong>[\/vc_column_text][\/vc_column][\/vc_row][vc_row full_width=&#8221;stretch_row_content&#8221; gap=&#8221;20&#8243; equal_height=&#8221;yes&#8221; content_placement=&#8221;top&#8221;][vc_column width=&#8221;1\/2&#8243; css=&#8221;.vc_custom_1498648503142{background-color: #f29f04 !important;}&#8221; el_class=&#8221;white&#8221;][vc_gallery type=&#8221;nivo&#8221; interval=&#8221;3&#8243; images=&#8221;717&#8243; img_size=&#8221;full&#8221;][vc_column_text]<\/p>\n<h3><strong>Cano\u00eb-Kayak discovery (half-day)<\/strong><\/h3>\n<p>Through a playful introduction (2\u201930 hours long), you will discover the technical basics of the activity and the River Aude. First we will be doing an introduction on flat water in front of our center and then we will be going down the river, from 6 to 9 kilometers. The session will be adapted to what you are expecting in terms of technical progression or in terms of safe discovery.<br \/>\nPrices\u00a0: (per person)<br \/>\nFrom 1 to 3 people : 42 \u20ac<br \/>\nFrom 4 to 7 people : 40\u20ac<br \/>\nFrom 8 to 20 people : 39 \u20ac[\/vc_column_text][\/vc_column][vc_column width=&#8221;1\/2&#8243; css=&#8221;.vc_custom_1498648451251{background-color: #1e73be !important;}&#8221; el_class=&#8221;textwhite&#8221;][vc_gallery type=&#8221;nivo&#8221; interval=&#8221;3&#8243; images=&#8221;691&#8243; img_size=&#8221;full&#8221;][vc_column_text]<\/p>\n<h3><strong>Cano\u00eb-Kayak improvement (all day) <\/strong><\/h3>\n<p>After a first downriver trip in the morning and a waterfront picnic, the experience goes on with a change in the type of boat (fore a more technical one or from the canoe to the kayak) to discover another part of the river. At the end of the day, it is possible for us to deliver the \u201cPagaie blanche\u201d which establishes the first level of your technical progression. This circuit can be divided into two different days, according to your schedule.<br \/>\nPrices\u00a0: (per person)<br \/>\nFrom 1 to 3 people : 65 \u20ac<br \/>\nFrom 4 to 7 people : 63 \u20ac<br \/>\nFrom 8 to 20 people : 60 \u20ac[\/vc_column_text][\/vc_column][\/vc_row][vc_row full_width=&#8221;stretch_row_content&#8221; gap=&#8221;20&#8243; equal_height=&#8221;yes&#8221; content_placement=&#8221;top&#8221; el_class=&#8221;white&#8221;][vc_column width=&#8221;1\/2&#8243; css=&#8221;.vc_custom_1498648691850{background-color: #1e73be !important;}&#8221; el_class=&#8221;textwhite&#8221;][vc_gallery type=&#8221;nivo&#8221; interval=&#8221;3&#8243; images=&#8221;688&#8243; img_size=&#8221;full&#8221;][vc_column_text]<\/p>\n<h3><strong> The canoe-kayak school for \u201cPITCHOUNS\u201d:<\/strong><\/h3>\n<p>A special kayak has finally been built for little kids (from 6 to 10 years old). We finally have a special boat to offer kids an half-day appropriate discovery ! Ideal option for school groups or holiday centre groups.<br \/>\nPrices\u00a0:<br \/>\nFrom 29 \u20ac pp for groups on downriver trips (contact us)<br \/>\nFrom 27 \u20ac pp for groups on flat water (contact us).[\/vc_column_text][\/vc_column][vc_column width=&#8221;1\/2&#8243; css=&#8221;.vc_custom_1498648586148{background-color: #f29f04 !important;}&#8221; el_class=&#8221;white&#8221;][vc_gallery type=&#8221;nivo&#8221; interval=&#8221;3&#8243; images=&#8221;81&#8243; img_size=&#8221;full&#8221;][vc_column_text el_class=&#8221;white&#8221;]<\/p>\n<h3><strong>Lessons Cano\u00eb-Kayak progression (2 days or more)<\/strong><\/h3>\n<p>According to your request, a two-days or more progression can be set up.<br \/>\nWith quality equipment, canoeing and kayaking will no longer be a secret for you.<br \/>\nFrom the 3 days option , you will be offered to discover the circuits of the Haute Vall\u00e9e de l\u2019Aude, as well as the ones in the H\u00e9rault department on the River Orb or H\u00e9rault.<br \/>\nThere is a possibility to validate your technical level acquired with the taking of the tests \u201cPagaies de couleurs\u201d of the French Federation of Canoe-kayak.<\/p>\n<p>Contact us for the prices[\/vc_column_text][\/vc_column][\/vc_row][vc_row equal_height=&#8221;yes&#8221; content_placement=&#8221;top&#8221; el_class=&#8221;white&#8221; css=&#8221;.vc_custom_1580833057117{margin-right: 5px !important;margin-left: 5px !important;}&#8221;][vc_column width=&#8221;1\/4&#8243; css=&#8221;.vc_custom_1498648691850{background-color: #1e73be !important;}&#8221; el_class=&#8221;textwhite&#8221;][vc_column_text 0=&#8221;&#8221; el_class=&#8221;whitetext&#8221;]<strong>THE CANOE-KAYAK CIRCUITS<\/strong><br \/>\nThe supervised sessions and their routes are essentially made on the River Aude. Those circuits will offer you a discovery and an introduction to whitewater sports. Starting with the all-day session, circuits on other Rivers in Languedoc-Roussilon and Occitania can be possible, including a sea-kayaking session on the wonderful pond in Bages at the heart of the \u201cParc Naturel R\u00e9gional de la Narbonnaise\u201d.[\/vc_column_text][vc_column_text 0=&#8221;&#8221;]<strong>Duration of the Canoe sessions :<\/strong><br \/>\nFrom half-day sessions to several days lessons.<\/p>\n<p><strong>Practical level\u00a0: <\/strong><br \/>\nFrom introduction to expert.<\/p>\n<p><strong>Schedule\u00a0: <\/strong><br \/>\nEvery day, mornings and afternoons[\/vc_column_text][\/vc_column][vc_column width=&#8221;1\/4&#8243; css=&#8221;.vc_custom_1580832585181{background-color: #595959 !important;}&#8221;][vc_column_text 0=&#8221;&#8221;]<strong>We provide you\u00a0: <\/strong><br \/>\nThe boat, a paddle, a life jacket, a helmet, a waterproof container and a wetsuit or a k-way, according to the weather.<br \/>\n<strong><br \/>\nDO NOT FORGET\u00a0!<\/strong><br \/>\nA pair of trainers, a swimsuit, a bottle of water.<\/p>\n<p><strong>Our prices include : <\/strong><br \/>\nA qualified guide supervising the activity, the equipment, shuttles, the use of several services provided by our centre : sanitary facilities, parking, areas where to picnic, etc\u2026[\/vc_column_text][\/vc_column][vc_column width=&#8221;1\/4&#8243; css=&#8221;.vc_custom_1580832595403{background-color: #595959 !important;}&#8221;][vc_column_text 0=&#8221;&#8221;]<strong>AGE : <\/strong><br \/>\nFrome the age of 6. Minors have to be in the company of an adult.<\/p>\n<p><strong>PRACTICE CONDITIONS\u00a0:<\/strong><br \/>\nYou have to be able to swim 25 meters and be able to immerse yourself. No contraindication to the practice of sports.<br \/>\n<strong><br \/>\nWHERE IS THE CANOE-KAYAK CENTRE ?<\/strong><br \/>\nThe Canoe-Kayak centre is in the village of Puich\u00e9ric on the D610 linking Carcassonne and B\u00e9ziers. Puich\u00e9ric is 20 minutes away from Carcassonne, 30 minutes away from Narbonne, 40 minutes away from B\u00e9ziers, 1hour 30 away from Perpignan, Toulouse, Montpellier.[\/vc_column_text][vc_column_text]<a class=\"wp-colorbox-iframe ourButton\" href=\"https:\/\/www.google.com\/maps\/embed?pb=!1m18!1m12!1m3!1d372099.64367829316!2d2.5065116807304566!3d43.229862818237585!2m3!1f0!2f0!3f0!3m2!1i1024!2i768!4f13.1!3m3!1m2!1s0x12b1ce07bb2badf50x98e9a76ba8efc43a!2sEaurizon+(Base+Nautique)!5e0!3m2!1sfr!2sfr!4v1498846001868\">LOCATION<\/a>[\/vc_column_text][\/vc_column][vc_column width=&#8221;1\/4&#8243; css=&#8221;.vc_custom_1498648586148{background-color: #f29f04 !important;}&#8221; el_class=&#8221;white&#8221;][vc_column_text 0=&#8221;&#8221;]<strong>THE LITTLE EXTRAS OF EAURIZON <\/strong><\/p>\n<p>Friendly welcome guaranteed with tea and coffee available for free.<br \/>\nYou will find the main information about our region ! Free tour guide including more than 40 ideas for activities and reductions on it.<br \/>\nParking, sanitary facilities.<br \/>\nHigh quality equipment disinfected before every activity.<br \/>\nEverything you need to navigate is supplied, no surprise about the price !<br \/>\nWetsuits and k-ways supplied in case od bad weather or during Spring !<br \/>\nOnly centre to use these circuits, which allow you tranquility !<br \/>\nEven for boat renting, an introduction to navigation is made for you to make the most of your journey !<br \/>\nHuge and private site by the River equipped with tables to picnic where you will be able to prolong the duration of your relaxing day !<br \/>\n[\/vc_column_text][\/vc_column][\/vc_row][vc_row equal_height=&#8221;yes&#8221; css=&#8221;.vc_custom_1580833017929{margin-top: 20px !important;margin-right: 5px !important;margin-left: 5px !important;}&#8221;][vc_column][vc_column_text]<\/p>\n<p style=\"text-align: center;\"><a class=\"ourButton\" href=\"https:\/\/www.eaurizon.eu\/en\/contact-us\/\" target=\"_blank\" rel=\"noopener noreferrer\">CONTACT-US !<\/a>&lt;[\/vc_column_text][vc_raw_html]JTNDZGl2JTIwYWxpZ24lM0QlMjJjZW50ZXIlMjIlMjBpdGVtc2NvcGUlMjBpdGVtdHlwZSUzRCUyMmh0dHAlM0ElMkYlMkZzY2hlbWEub3JnJTJGUHJvZHVjdCUyMiUzRSUwQSUzQ2RpdiUyMGNsYXNzJTNEJTIyYWdncmVnYXRlX3NlYyUyMiUyMGl0ZW1wcm9wJTNEJTIyYWdncmVnYXRlUmF0aW5nJTIyJTIwaXRlbXNjb3BlJTIwaXRlbXR5cGUlM0QlMjJodHRwJTNBJTJGJTJGc2NoZW1hLm9yZyUyRkFnZ3JlZ2F0ZVJhdGluZyUyMiUzRSUwQU5vdGUlMjAlM0ElMjAlM0NzcGFuJTIwaXRlbXByb3AlM0QlMjJyYXRpbmdWYWx1ZSUyMiUzRTQuOCUzQyUyRnNwYW4lM0UlMjBiYXNlZCUyMG9uJTIwJTNDc3BhbiUyMGNsYXNzJTNEJTIycmF0aW5nLWNvdW50JTIyJTIwaXRlbXByb3AlM0QlMjJyZXZpZXdDb3VudCUyMiUzRTEyNiUzQyUyRnNwYW4lM0UlMjB2b3RlcyUyMCUzQyUyRnNwYW4lM0UlM0MlMkZkaXYlM0UlMEFFbnRyZXByaXNlJTIwJTNBJTIwJTNDc3BhbiUyMGl0ZW1wcm9wJTNEJTIyYnJhbmQlMjIlM0VFYXVyaXpvbiUzQyUyRnNwYW4lM0UlM0NiciUzRSUwQVByZXN0YXRpb24lMjAlM0ElMjAlM0NzcGFuJTIwaXRlbXByb3AlM0QlMjJuYW1lJTIyJTNFQ2FubyVDMyVBQiUyMEtheWFrJTIwc3VyJTIwbCVFMiU4MCU5OUF1ZGUlMjBlbiUyME9jY2l0YW5pZSUyMCUyOEVuY2FkcmVtZW50JTI5JTNDJTJGc3BhbiUzRSUwQSUzQ2RpdiUyMGNsYXNzJTNEJTIyb2ZmZXJfc2VjJTIyJTIwaXRlbXByb3AlM0QlMjJvZmZlcnMlMjIlMjBpdGVtc2NvcGUlMjBpdGVtdHlwZSUzRCUyMmh0dHAlM0ElMkYlMkZzY2hlbWEub3JnJTJGT2ZmZXIlMjIlM0UlMEFQcml4JTIwJTNBJTIwJTNDc3BhbiUyMGl0ZW1wcm9wJTNEJTIycHJpY2VDdXJyZW5jeSUyMiUzRUVVUiUyMCUzQyUyRnNwYW4lM0UlM0NzcGFuJTIwaXRlbXByb3AlM0QlMjJwcmljZSUyMiUzRTM1JTNDJTJGc3BhbiUzRSUzQ2JyJTNFJTBBRGlzcG9uaWJsZSUyMCUzQSUyMCUyMCUzQ2xpbmslMjBpdGVtcHJvcCUzRCUyMmF2YWlsYWJpbGl0eSUyMiUyMGhyZWYlM0QlMjJodHRwJTNBJTJGJTJGc2NoZW1hLm9yZyUyRkluU3RvY2slMjIlMjAlMkYlM0VJbiUyMHN0b2NrJTNDJTJGZGl2JTNFJTNDJTJGZGl2JTNF[\/vc_raw_html][\/vc_column][\/vc_row][vc_row][vc_column][vc_column_text]<\/p>\n<p>[\/vc_column_text][\/vc_column][\/vc_row]<\/p>\n<\/div>","protected":false},"excerpt":{"rendered":"<p>[vc_row full_width=&#8221;stretch_row_content_no_spaces&#8221; css=&#8221;.vc_custom_1572295814005{background-color: #1e73be !important;}&#8221; el_class=&#8221;textwhite&#8221;][vc_column][vc_column_text][\/vc_column_text][\/vc_column][\/vc_row][vc_row full_width=&#8221;stretch_row_content_no_spaces&#8221; css=&#8221;.vc_custom_1572295814005{background-color: #1e73be !important;}&#8221; el_class=&#8221;textwhite&#8221;][vc_column width=&#8221;2\/3&#8243;][vc_column_text css=&#8221;.vc_custom_1580832132385{margin-left: 25px !important;}&#8221;]CANOE-KAYAK DESTINATION IN CATHAR COUNTRY&#8230;[\/vc_column_text][\/vc_column][vc_column width=&#8221;1\/3&#8243;][vc_column_text]Tel : 04 68 49 99 82[\/vc_column_text][\/vc_column][\/vc_row][vc_row full_width=&#8221;stretch_row_content&#8221;][vc_column][vc_column_text] Canoe Kayak on the river Aude in Occitania (Supervised) [\/vc_column_text][\/vc_column][\/vc_row][vc_row full_width=&#8221;stretch_row_content&#8221; equal_height=&#8221;yes&#8221; css=&#8221;.vc_custom_1572295679594{padding-top: 10px !important;padding-right: 10px !important;padding-bottom: 10px !important;padding-left: 10px !important;}&#8221;][vc_column width=&#8221;1\/2&#8243;][vc_column_text 0=&#8221;&#8221;] Learn and practice Canoeing with [&hellip;]<\/p>\n","protected":false},"author":1,"featured_media":803,"parent":2190,"menu_order":0,"comment_status":"closed","ping_status":"closed","template":"","meta":{"_acf_changed":false,"site-sidebar-layout":"no-sidebar","site-content-layout":"plain-container","ast-site-content-layout":"normal-width-container","site-content-style":"unboxed","site-sidebar-style":"unboxed","ast-global-header-display":"","ast-banner-title-visibility":"","ast-main-header-display":"","ast-hfb-above-header-display":"","ast-hfb-below-header-display":"","ast-hfb-mobile-header-display":"","site-post-title":"disabled","ast-breadcrumbs-content":"","ast-featured-img":"disabled","footer-sml-layout":"","ast-disable-related-posts":"","theme-transparent-header-meta":"default","adv-header-id-meta":"","stick-header-meta":"default","header-above-stick-meta":"","header-main-stick-meta":"","header-below-stick-meta":"","astra-migrate-meta-layouts":"default","ast-page-background-enabled":"default","ast-page-background-meta":{"desktop":{"background-color":"","background-image":"","background-repeat":"repeat","background-position":"center center","background-size":"auto","background-attachment":"scroll","background-type":"","background-media":"","overlay-type":"","overlay-color":"","overlay-opacity":"","overlay-gradient":""},"tablet":{"background-color":"","background-image":"","background-repeat":"repeat","background-position":"center center","background-size":"auto","background-attachment":"scroll","background-type":"","background-media":"","overlay-type":"","overlay-color":"","overlay-opacity":"","overlay-gradient":""},"mobile":{"background-color":"","background-image":"","background-repeat":"repeat","background-position":"center center","background-size":"auto","background-attachment":"scroll","background-type":"","background-media":"","overlay-type":"","overlay-color":"","overlay-opacity":"","overlay-gradient":""}},"ast-content-background-meta":{"desktop":{"background-color":"var(--ast-global-color-5)","background-image":"","background-repeat":"repeat","background-position":"center center","background-size":"auto","background-attachment":"scroll","background-type":"","background-media":"","overlay-type":"","overlay-color":"","overlay-opacity":"","overlay-gradient":""},"tablet":{"background-color":"var(--ast-global-color-5)","background-image":"","background-repeat":"repeat","background-position":"center center","background-size":"auto","background-attachment":"scroll","background-type":"","background-media":"","overlay-type":"","overlay-color":"","overlay-opacity":"","overlay-gradient":""},"mobile":{"background-color":"var(--ast-global-color-5)","background-image":"","background-repeat":"repeat","background-position":"center center","background-size":"auto","background-attachment":"scroll","background-type":"","background-media":"","overlay-type":"","overlay-color":"","overlay-opacity":"","overlay-gradient":""}},"footnotes":""},"class_list":["post-2236","page","type-page","status-publish","has-post-thumbnail","hentry"],"acf":[],"_links":{"self":[{"href":"https:\/\/www.eaurizon.eu\/en\/wp-json\/wp\/v2\/pages\/2236","targetHints":{"allow":["GET"]}}],"collection":[{"href":"https:\/\/www.eaurizon.eu\/en\/wp-json\/wp\/v2\/pages"}],"about":[{"href":"https:\/\/www.eaurizon.eu\/en\/wp-json\/wp\/v2\/types\/page"}],"author":[{"embeddable":true,"href":"https:\/\/www.eaurizon.eu\/en\/wp-json\/wp\/v2\/users\/1"}],"replies":[{"embeddable":true,"href":"https:\/\/www.eaurizon.eu\/en\/wp-json\/wp\/v2\/comments?post=2236"}],"version-history":[{"count":4,"href":"https:\/\/www.eaurizon.eu\/en\/wp-json\/wp\/v2\/pages\/2236\/revisions"}],"predecessor-version":[{"id":4600,"href":"https:\/\/www.eaurizon.eu\/en\/wp-json\/wp\/v2\/pages\/2236\/revisions\/4600"}],"up":[{"embeddable":true,"href":"https:\/\/www.eaurizon.eu\/en\/wp-json\/wp\/v2\/pages\/2190"}],"wp:featuredmedia":[{"embeddable":true,"href":"https:\/\/www.eaurizon.eu\/en\/wp-json\/wp\/v2\/media\/803"}],"wp:attachment":[{"href":"https:\/\/www.eaurizon.eu\/en\/wp-json\/wp\/v2\/media?parent=2236"}],"curies":[{"name":"wp","href":"https:\/\/api.w.org\/{rel}","templated":true}]}}